{"id":1442,"date":"2023-03-01T15:31:00","date_gmt":"2023-03-01T18:31:00","guid":{"rendered":"https:\/\/sauceviejo.gob.ar\/sauceonline\/?page_id=1442"},"modified":"2024-09-24T09:36:04","modified_gmt":"2024-09-24T12:36:04","slug":"autoridades","status":"publish","type":"page","link":"https:\/\/sauceviejo.gob.ar\/sauceonline\/autoridades\/","title":{"rendered":"Autoridades"},"content":{"rendered":"<!-- VideographyWP Plugin Message: Automatic video embedding prevented by plugin options. -->\n\n<div style=\"height:109px\" aria-hidden=\"true\" class=\"wp-block-spacer\"><\/div>\n\n\n\n<div class=\"wp-block-uagb-advanced-heading uagb-block-83f4954b\"><h2 class=\"uagb-heading-text\">Autoridades<\/h2><\/div>\n\n\n\n<div style=\"height:46px\" aria-hidden=\"true\" class=\"wp-block-spacer\"><\/div>\n\n\n\n<div class=\"wp-block-columns is-layout-flex wp-container-core-columns-is-layout-1 wp-block-columns-is-layout-flex\" style=\"border-width:5px;padding-top:var(--wp--preset--spacing--20);padding-right:var(--wp--preset--spacing--20);padding-bottom:var(--wp--preset--spacing--20);padding-left:var(--wp--preset--spacing--20)\">\n<div class=\"wp-block-column is-layout-flow wp-block-column-is-layout-flow\" style=\"flex-basis:66.66%\"><div class=\"wp-block-image\">\n<figure class=\"aligncenter size-full\"><a href=\"https:\/\/sauceviejo.gob.ar\/sauceonline\/wp-content\/uploads\/2023\/09\/Estructura-simple-nueva.png\"><img loading=\"lazy\" decoding=\"async\" width=\"410\" height=\"474\" src=\"https:\/\/sauceviejo.gob.ar\/sauceonline\/wp-content\/uploads\/2023\/09\/Estructura-simple-nueva.png\" alt=\"\" class=\"wp-image-6908\" srcset=\"https:\/\/sauceviejo.gob.ar\/sauceonline\/wp-content\/uploads\/2023\/09\/Estructura-simple-nueva.png 410w, https:\/\/sauceviejo.gob.ar\/sauceonline\/wp-content\/uploads\/2023\/09\/Estructura-simple-nueva-259x300.png 259w\" sizes=\"auto, (max-width: 410px) 100vw, 410px\" \/><\/a><\/figure><\/div><\/div>\n\n\n\n<div class=\"wp-block-column is-layout-flow wp-block-column-is-layout-flow\" style=\"border-width:1px;flex-basis:40%\">\n<p class=\"has-text-align-center\">El Despacho de los asuntos del Departamento Ejecutivo Municipal estar\u00e1 a cargo de las siguientes Secretar\u00edas, que depender\u00e1n directamente del Sr. Intendente:<\/p>\n\n\n\n<ul class=\"wp-block-list\">\n<li>Secretar\u00eda Privada<\/li>\n\n\n\n<li>Secretar\u00eda de Gobierno<\/li>\n\n\n\n<li>Secretar\u00eda de Hacienda y Recursos Humanos<\/li>\n\n\n\n<li>Secretar\u00eda de Desarrollo Humano y Promoci\u00f3n de Derechos<\/li>\n\n\n\n<li>Obras y Servicios P\u00fablicos<\/li>\n\n\n\n<li>Fiscal\u00eda Municipal<\/li>\n<\/ul>\n<\/div>\n<\/div>\n\n\n\n<div style=\"height:40px\" aria-hidden=\"true\" class=\"wp-block-spacer\"><\/div>\n\n\n\n<h4 class=\"wp-block-heading has-text-align-center has-ast-global-color-5-color has-ast-global-color-0-background-color has-text-color has-background\">N\u00f3mina de funcionarios &#8211; Ord. N\u00b0 0001\/2021 &#8211; Decreto 188\/2023<\/h4>\n\n\n\n<div style=\"height:42px\" aria-hidden=\"true\" class=\"wp-block-spacer\"><\/div>\n\n\n\n<p class=\"has-text-align-center has-ast-global-color-5-color has-black-background-color has-text-color has-background has-medium-font-size\"><strong>1.&nbsp;&nbsp;&nbsp;&nbsp;&nbsp;&nbsp;&nbsp;INTENDENTE<\/strong><br>Dr. Mario Claudio Papaleo<br>Correo:&nbsp;intendencia@sauceviejo.gob.ar<\/p>\n\n\n<p>[WPSM_AC id=3267]<\/p>\n\n\n\n<div style=\"height:37px\" aria-hidden=\"true\" class=\"wp-block-spacer\"><\/div>\n","protected":false},"excerpt":{"rendered":"<p>Autoridades El Despacho de los asuntos del Departamento Ejecutivo Municipal estar\u00e1 a cargo de las siguientes Secretar\u00edas, que depender\u00e1n directamente del Sr. Intendente: N\u00f3mina de funcionarios &#8211; Ord. N\u00b0 0001\/2021 &#8211; Decreto 188\/2023 1.&nbsp;&nbsp;&nbsp;&nbsp;&nbsp;&nbsp;&nbsp;INTENDENTEDr. Mario Claudio PapaleoCorreo:&nbsp;intendencia@sauceviejo.gob.ar<\/p>\n","protected":false},"author":2,"featured_media":0,"parent":0,"menu_order":0,"comment_status":"closed","ping_status":"closed","template":"","meta":{"_uag_custom_page_level_css":"","_kad_post_transparent":"","_kad_post_title":"","_kad_post_layout":"","_kad_post_sidebar_id":"","_kad_post_content_style":"","_kad_post_vertical_padding":"","_kad_post_feature":"","_kad_post_feature_position":"","_kad_post_header":false,"_kad_post_footer":false,"_kad_post_classname":"","footnotes":""},"class_list":["post-1442","page","type-page","status-publish","hentry"],"yoast_head":"<!-- This site is optimized with the Yoast SEO plugin v25.2 - https:\/\/yoast.com\/wordpress\/plugins\/seo\/ -->\n<title>Autoridades - Municipalidad de Sauce Viejo<\/title>\n<meta name=\"robots\" content=\"index, follow, max-snippet:-1, max-image-preview:large, max-video-preview:-1\" \/>\n<link rel=\"canonical\" href=\"https:\/\/sauceviejo.gob.ar\/sauceonline\/autoridades\/\" \/>\n<meta property=\"og:locale\" content=\"es_ES\" \/>\n<meta property=\"og:type\" content=\"article\" \/>\n<meta property=\"og:title\" content=\"Autoridades - Municipalidad de Sauce Viejo\" \/>\n<meta property=\"og:description\" content=\"Autoridades El Despacho de los asuntos del Departamento Ejecutivo Municipal estar\u00e1 a cargo de las siguientes Secretar\u00edas, que depender\u00e1n directamente del Sr. Intendente: N\u00f3mina de funcionarios &#8211; Ord. N\u00b0 0001\/2021 &#8211; Decreto 188\/2023 1.&nbsp;&nbsp;&nbsp;&nbsp;&nbsp;&nbsp;&nbsp;INTENDENTEDr. Mario Claudio PapaleoCorreo:&nbsp;intendencia@sauceviejo.gob.ar\" \/>\n<meta property=\"og:url\" content=\"https:\/\/sauceviejo.gob.ar\/sauceonline\/autoridades\/\" \/>\n<meta property=\"og:site_name\" content=\"Municipalidad de Sauce Viejo\" \/>\n<meta property=\"article:publisher\" content=\"https:\/\/www.facebook.com\/MunicipalidadDeSauceViejo\" \/>\n<meta property=\"article:modified_time\" content=\"2024-09-24T12:36:04+00:00\" \/>\n<meta property=\"og:image\" content=\"https:\/\/sauceviejo.gob.ar\/sauceonline\/wp-content\/uploads\/2023\/09\/Estructura-simple-nueva.png\" \/>\n<meta name=\"twitter:card\" content=\"summary_large_image\" \/>\n<meta name=\"twitter:site\" content=\"@sauceviejomuni\" \/>\n<script type=\"application\/ld+json\" class=\"yoast-schema-graph\">{\"@context\":\"https:\/\/schema.org\",\"@graph\":[{\"@type\":\"WebPage\",\"@id\":\"https:\/\/sauceviejo.gob.ar\/sauceonline\/autoridades\/\",\"url\":\"https:\/\/sauceviejo.gob.ar\/sauceonline\/autoridades\/\",\"name\":\"Autoridades - Municipalidad de Sauce Viejo\",\"isPartOf\":{\"@id\":\"https:\/\/sauceviejo.gob.ar\/sauceonline\/#website\"},\"primaryImageOfPage\":{\"@id\":\"https:\/\/sauceviejo.gob.ar\/sauceonline\/autoridades\/#primaryimage\"},\"image\":{\"@id\":\"https:\/\/sauceviejo.gob.ar\/sauceonline\/autoridades\/#primaryimage\"},\"thumbnailUrl\":\"https:\/\/sauceviejo.gob.ar\/sauceonline\/wp-content\/uploads\/2023\/09\/Estructura-simple-nueva.png\",\"datePublished\":\"2023-03-01T18:31:00+00:00\",\"dateModified\":\"2024-09-24T12:36:04+00:00\",\"breadcrumb\":{\"@id\":\"https:\/\/sauceviejo.gob.ar\/sauceonline\/autoridades\/#breadcrumb\"},\"inLanguage\":\"es\",\"potentialAction\":[{\"@type\":\"ReadAction\",\"target\":[\"https:\/\/sauceviejo.gob.ar\/sauceonline\/autoridades\/\"]}]},{\"@type\":\"ImageObject\",\"inLanguage\":\"es\",\"@id\":\"https:\/\/sauceviejo.gob.ar\/sauceonline\/autoridades\/#primaryimage\",\"url\":\"https:\/\/sauceviejo.gob.ar\/sauceonline\/wp-content\/uploads\/2023\/09\/Estructura-simple-nueva.png\",\"contentUrl\":\"https:\/\/sauceviejo.gob.ar\/sauceonline\/wp-content\/uploads\/2023\/09\/Estructura-simple-nueva.png\"},{\"@type\":\"BreadcrumbList\",\"@id\":\"https:\/\/sauceviejo.gob.ar\/sauceonline\/autoridades\/#breadcrumb\",\"itemListElement\":[{\"@type\":\"ListItem\",\"position\":1,\"name\":\"Portada\",\"item\":\"https:\/\/sauceviejo.gob.ar\/sauceonline\/\"},{\"@type\":\"ListItem\",\"position\":2,\"name\":\"Autoridades\"}]},{\"@type\":\"WebSite\",\"@id\":\"https:\/\/sauceviejo.gob.ar\/sauceonline\/#website\",\"url\":\"https:\/\/sauceviejo.gob.ar\/sauceonline\/\",\"name\":\"Municipalidad de Sauce Viejo\",\"description\":\"\",\"publisher\":{\"@id\":\"https:\/\/sauceviejo.gob.ar\/sauceonline\/#organization\"},\"potentialAction\":[{\"@type\":\"SearchAction\",\"target\":{\"@type\":\"EntryPoint\",\"urlTemplate\":\"https:\/\/sauceviejo.gob.ar\/sauceonline\/?s={search_term_string}\"},\"query-input\":{\"@type\":\"PropertyValueSpecification\",\"valueRequired\":true,\"valueName\":\"search_term_string\"}}],\"inLanguage\":\"es\"},{\"@type\":\"Organization\",\"@id\":\"https:\/\/sauceviejo.gob.ar\/sauceonline\/#organization\",\"name\":\"Municipalidad de Sauce Viejo\",\"url\":\"https:\/\/sauceviejo.gob.ar\/sauceonline\/\",\"logo\":{\"@type\":\"ImageObject\",\"inLanguage\":\"es\",\"@id\":\"https:\/\/sauceviejo.gob.ar\/sauceonline\/#\/schema\/logo\/image\/\",\"url\":\"https:\/\/sauceviejo.gob.ar\/sauceonline\/wp-content\/uploads\/2024\/11\/Logo.png\",\"contentUrl\":\"https:\/\/sauceviejo.gob.ar\/sauceonline\/wp-content\/uploads\/2024\/11\/Logo.png\",\"width\":225,\"height\":225,\"caption\":\"Municipalidad de Sauce Viejo\"},\"image\":{\"@id\":\"https:\/\/sauceviejo.gob.ar\/sauceonline\/#\/schema\/logo\/image\/\"},\"sameAs\":[\"https:\/\/www.facebook.com\/MunicipalidadDeSauceViejo\",\"https:\/\/x.com\/sauceviejomuni\"]}]}<\/script>\n<!-- \/ Yoast SEO plugin. -->","yoast_head_json":{"title":"Autoridades - Municipalidad de Sauce Viejo","robots":{"index":"index","follow":"follow","max-snippet":"max-snippet:-1","max-image-preview":"max-image-preview:large","max-video-preview":"max-video-preview:-1"},"canonical":"https:\/\/sauceviejo.gob.ar\/sauceonline\/autoridades\/","og_locale":"es_ES","og_type":"article","og_title":"Autoridades - Municipalidad de Sauce Viejo","og_description":"Autoridades El Despacho de los asuntos del Departamento Ejecutivo Municipal estar\u00e1 a cargo de las siguientes Secretar\u00edas, que depender\u00e1n directamente del Sr. Intendente: N\u00f3mina de funcionarios &#8211; Ord. N\u00b0 0001\/2021 &#8211; Decreto 188\/2023 1.&nbsp;&nbsp;&nbsp;&nbsp;&nbsp;&nbsp;&nbsp;INTENDENTEDr. Mario Claudio PapaleoCorreo:&nbsp;intendencia@sauceviejo.gob.ar","og_url":"https:\/\/sauceviejo.gob.ar\/sauceonline\/autoridades\/","og_site_name":"Municipalidad de Sauce Viejo","article_publisher":"https:\/\/www.facebook.com\/MunicipalidadDeSauceViejo","article_modified_time":"2024-09-24T12:36:04+00:00","og_image":[{"url":"https:\/\/sauceviejo.gob.ar\/sauceonline\/wp-content\/uploads\/2023\/09\/Estructura-simple-nueva.png","type":"","width":"","height":""}],"twitter_card":"summary_large_image","twitter_site":"@sauceviejomuni","schema":{"@context":"https:\/\/schema.org","@graph":[{"@type":"WebPage","@id":"https:\/\/sauceviejo.gob.ar\/sauceonline\/autoridades\/","url":"https:\/\/sauceviejo.gob.ar\/sauceonline\/autoridades\/","name":"Autoridades - Municipalidad de Sauce Viejo","isPartOf":{"@id":"https:\/\/sauceviejo.gob.ar\/sauceonline\/#website"},"primaryImageOfPage":{"@id":"https:\/\/sauceviejo.gob.ar\/sauceonline\/autoridades\/#primaryimage"},"image":{"@id":"https:\/\/sauceviejo.gob.ar\/sauceonline\/autoridades\/#primaryimage"},"thumbnailUrl":"https:\/\/sauceviejo.gob.ar\/sauceonline\/wp-content\/uploads\/2023\/09\/Estructura-simple-nueva.png","datePublished":"2023-03-01T18:31:00+00:00","dateModified":"2024-09-24T12:36:04+00:00","breadcrumb":{"@id":"https:\/\/sauceviejo.gob.ar\/sauceonline\/autoridades\/#breadcrumb"},"inLanguage":"es","potentialAction":[{"@type":"ReadAction","target":["https:\/\/sauceviejo.gob.ar\/sauceonline\/autoridades\/"]}]},{"@type":"ImageObject","inLanguage":"es","@id":"https:\/\/sauceviejo.gob.ar\/sauceonline\/autoridades\/#primaryimage","url":"https:\/\/sauceviejo.gob.ar\/sauceonline\/wp-content\/uploads\/2023\/09\/Estructura-simple-nueva.png","contentUrl":"https:\/\/sauceviejo.gob.ar\/sauceonline\/wp-content\/uploads\/2023\/09\/Estructura-simple-nueva.png"},{"@type":"BreadcrumbList","@id":"https:\/\/sauceviejo.gob.ar\/sauceonline\/autoridades\/#breadcrumb","itemListElement":[{"@type":"ListItem","position":1,"name":"Portada","item":"https:\/\/sauceviejo.gob.ar\/sauceonline\/"},{"@type":"ListItem","position":2,"name":"Autoridades"}]},{"@type":"WebSite","@id":"https:\/\/sauceviejo.gob.ar\/sauceonline\/#website","url":"https:\/\/sauceviejo.gob.ar\/sauceonline\/","name":"Municipalidad de Sauce Viejo","description":"","publisher":{"@id":"https:\/\/sauceviejo.gob.ar\/sauceonline\/#organization"},"potentialAction":[{"@type":"SearchAction","target":{"@type":"EntryPoint","urlTemplate":"https:\/\/sauceviejo.gob.ar\/sauceonline\/?s={search_term_string}"},"query-input":{"@type":"PropertyValueSpecification","valueRequired":true,"valueName":"search_term_string"}}],"inLanguage":"es"},{"@type":"Organization","@id":"https:\/\/sauceviejo.gob.ar\/sauceonline\/#organization","name":"Municipalidad de Sauce Viejo","url":"https:\/\/sauceviejo.gob.ar\/sauceonline\/","logo":{"@type":"ImageObject","inLanguage":"es","@id":"https:\/\/sauceviejo.gob.ar\/sauceonline\/#\/schema\/logo\/image\/","url":"https:\/\/sauceviejo.gob.ar\/sauceonline\/wp-content\/uploads\/2024\/11\/Logo.png","contentUrl":"https:\/\/sauceviejo.gob.ar\/sauceonline\/wp-content\/uploads\/2024\/11\/Logo.png","width":225,"height":225,"caption":"Municipalidad de Sauce Viejo"},"image":{"@id":"https:\/\/sauceviejo.gob.ar\/sauceonline\/#\/schema\/logo\/image\/"},"sameAs":["https:\/\/www.facebook.com\/MunicipalidadDeSauceViejo","https:\/\/x.com\/sauceviejomuni"]}]}},"uagb_featured_image_src":{"full":false,"thumbnail":false,"medium":false,"medium_large":false,"large":false,"1536x1536":false,"2048x2048":false,"ultp_layout_landscape_large":false,"ultp_layout_landscape":false,"ultp_layout_portrait":false,"ultp_layout_square":false},"uagb_author_info":{"display_name":"Pablo Bellafronte","author_link":"https:\/\/sauceviejo.gob.ar\/sauceonline\/author\/vu000925\/"},"uagb_comment_info":0,"uagb_excerpt":"Autoridades El Despacho de los asuntos del Departamento Ejecutivo Municipal estar\u00e1 a cargo de las siguientes Secretar\u00edas, que depender\u00e1n directamente del Sr. Intendente: N\u00f3mina de funcionarios &#8211; Ord. N\u00b0 0001\/2021 &#8211; Decreto 188\/2023 1.&nbsp;&nbsp;&nbsp;&nbsp;&nbsp;&nbsp;&nbsp;INTENDENTEDr. Mario Claudio PapaleoCorreo:&nbsp;intendencia@sauceviejo.gob.ar","_links":{"self":[{"href":"https:\/\/sauceviejo.gob.ar\/sauceonline\/wp-json\/wp\/v2\/pages\/1442","targetHints":{"allow":["GET"]}}],"collection":[{"href":"https:\/\/sauceviejo.gob.ar\/sauceonline\/wp-json\/wp\/v2\/pages"}],"about":[{"href":"https:\/\/sauceviejo.gob.ar\/sauceonline\/wp-json\/wp\/v2\/types\/page"}],"author":[{"embeddable":true,"href":"https:\/\/sauceviejo.gob.ar\/sauceonline\/wp-json\/wp\/v2\/users\/2"}],"replies":[{"embeddable":true,"href":"https:\/\/sauceviejo.gob.ar\/sauceonline\/wp-json\/wp\/v2\/comments?post=1442"}],"version-history":[{"count":21,"href":"https:\/\/sauceviejo.gob.ar\/sauceonline\/wp-json\/wp\/v2\/pages\/1442\/revisions"}],"predecessor-version":[{"id":8513,"href":"https:\/\/sauceviejo.gob.ar\/sauceonline\/wp-json\/wp\/v2\/pages\/1442\/revisions\/8513"}],"wp:attachment":[{"href":"https:\/\/sauceviejo.gob.ar\/sauceonline\/wp-json\/wp\/v2\/media?parent=1442"}],"curies":[{"name":"wp","href":"https:\/\/api.w.org\/{rel}","templated":true}]}}