{"id":1983,"date":"2023-03-04T18:13:57","date_gmt":"2023-03-04T21:13:57","guid":{"rendered":"https:\/\/sauceviejo.gob.ar\/sauceonline\/?page_id=1983"},"modified":"2023-04-25T04:50:40","modified_gmt":"2023-04-25T07:50:40","slug":"empleo","status":"publish","type":"page","link":"https:\/\/sauceviejo.gob.ar\/sauceonline\/empleo\/","title":{"rendered":"Empleo"},"content":{"rendered":"<!-- VideographyWP Plugin Message: Automatic video embedding prevented by plugin options. -->\n\n<div style=\"height:100px\" aria-hidden=\"true\" class=\"wp-block-spacer\"><\/div>\n\n\n\n<div class=\"wp-block-uagb-advanced-heading uagb-block-07d31e68\"><h2 class=\"uagb-heading-text\">Empleo<\/h2><\/div>\n\n\n\n<p class=\"has-ast-global-color-0-color has-text-color has-small-font-size\"><strong>Diego Fournell<\/strong><\/p>\n\n\n\n<div class=\"wp-block-uagb-container uagb-block-908941d6 alignfull uagb-is-root-container\"><div class=\"uagb-container-inner-blocks-wrap\">\n<div class=\"wp-block-uagb-container uagb-block-7aed983d\">\n<div class=\"wp-block-uagb-image aligncenter uagb-block-64138449 wp-block-uagb-image--layout-default wp-block-uagb-image--effect-static wp-block-uagb-image--align-center\"><figure class=\"wp-block-uagb-image__figure\"><img decoding=\"async\" srcset=\"https:\/\/sauceviejo.gob.ar\/sauceonline\/wp-content\/uploads\/2023\/03\/Empleo-1024x768.jpg , https:\/\/sauceviejo.gob.ar\/sauceonline\/wp-content\/uploads\/2023\/03\/services-4.jpg 360w\" src=\"https:\/\/sauceviejo.gob.ar\/sauceonline\/wp-content\/uploads\/2023\/03\/Empleo-1024x768.jpg\" alt=\"\" class=\"uag-image-3971\" width=\"\" height=\"\" title=\"\" loading=\"lazy\"\/><\/figure><\/div>\n<\/div>\n\n\n\n<div class=\"wp-block-uagb-container uagb-block-3dd110f0\">\n<div class=\"wp-block-uagb-info-box uagb-block-6fa660e5 uagb-infobox__content-wrap  uagb-infobox-icon-above-title uagb-infobox-image-valign-top\"><div class=\"uagb-ifb-content\"><div class=\"uagb-ifb-title-wrap\"><h2 class=\"uagb-ifb-title\">Acciones que realiza la Oficina de Empleo<\/h2><\/div><p class=\"uagb-ifb-desc\">&#8211;&gt; <strong>Atenci\u00f3n y orientaci\u00f3n <\/strong>a poblaci\u00f3n desocupada, emprendedora y con inter\u00e9s en mejorar sus condiciones de empleabilidad pertenecientes a la localidad de Sauce Viejo.<br>&#8211;&gt;<strong>Asesoramiento<\/strong> sobre tr\u00e1mite de Monotributo Social y exenci\u00f3n de DREI (Derecho de Registro e Inspecci\u00f3n municipal) para emprendedores de la localidad.&nbsp;<\/p><\/div><\/div>\n<\/div>\n<\/div><\/div>\n\n\n<div  class=\"wp-block-ultimate-post-heading ultp-block-ea48ab\"><div class=\"ultp-block-wrapper\"><div class=\"ultp-heading-wrap ultp-heading-style3 ultp-heading-left\"><h2 class=\"ultp-heading-inner\"><span>articulamos con:<\/span><\/h2><\/div><\/div><\/div>\n\n\n<p class=\"has-medium-font-size\"><strong>Ministerio de Trabajo de la Naci\u00f3n<\/strong><\/p>\n\n\n\n<ul class=\"wp-block-list\">\n<li>Programa <strong>FOMENTAR EMPLEO<\/strong><\/li>\n\n\n\n<li>Programa de <strong>Entrenamientos para el Trabajo<\/strong> (EPT)<\/li>\n\n\n\n<li>Programa de<strong> Inserci\u00f3n Laboral<\/strong> (PIL)<\/li>\n\n\n\n<li>Programa de <strong>Empleo Independiente<\/strong> para poblaciones&nbsp;habilitadas (PEI)<\/li>\n\n\n\n<li>Intermediaci\u00f3n Laboral con Empresas y Comercios de la localidad&nbsp;<\/li>\n<\/ul>\n\n\n\n<p class=\"has-medium-font-size\"><strong>Ministerio de Trabajo de la Provincia de Santa Fe<\/strong><\/p>\n\n\n\n<ul class=\"wp-block-list\">\n<li>Cursos de formaci\u00f3n en Oficio del Programa \u00ab<strong>Santa Fe Capacita<\/strong>\u00ab<\/li>\n<\/ul>\n\n\n<div  class=\"wp-block-ultimate-post-heading ultp-block-b9ec31\"><div class=\"ultp-block-wrapper\"><div class=\"ultp-heading-wrap ultp-heading-style3 ultp-heading-left\"><h2 class=\"ultp-heading-inner\"><span>Nos encontr\u00e1s en:<\/span><\/h2><\/div><\/div><\/div>\n\n\n<ul class=\"wp-block-list\">\n<li><strong>Sede Centro <\/strong>:&nbsp;9 de julio 2231&nbsp;-Atenci\u00f3n al p\u00fablico de Lunes&nbsp;a Viernes de 7 a 13 hs<\/li>\n\n\n\n<li><strong>Sede Delegaci\u00f3n Norte<\/strong>:&nbsp;Calle 6 entre 15 y 17 (Adelina Oeste)&nbsp;&#8211;&nbsp;Atenci\u00f3n al p\u00fablico Martes y Jueves de 7 a 13 hs<\/li>\n\n\n\n<li><strong>Correo electr\u00f3nico<\/strong>:&nbsp;<a rel=\"noreferrer noopener\" href=\"mailto:empleo@sauceviejo.gob.ar\" target=\"_blank\">empleo<\/a>@sauce-viejo-prensa<\/li>\n\n\n\n<li><strong>Tel\u00e9fonos<\/strong>:&nbsp;3424951084&nbsp;<\/li>\n\n\n\n<li>&nbsp; &nbsp; &nbsp; &nbsp; &nbsp; &nbsp; &nbsp; &nbsp; &nbsp; &nbsp; 3425363684 (whats app)<\/li>\n<\/ul>\n\n\n\n<div style=\"height:55px\" aria-hidden=\"true\" class=\"wp-block-spacer\"><\/div>\n","protected":false},"excerpt":{"rendered":"<p>Empleo Diego Fournell Ministerio de Trabajo de la Naci\u00f3n Ministerio de Trabajo de la Provincia de Santa Fe<\/p>\n","protected":false},"author":2,"featured_media":0,"parent":0,"menu_order":0,"comment_status":"closed","ping_status":"closed","template":"","meta":{"_uag_custom_page_level_css":"","_kad_post_transparent":"","_kad_post_title":"","_kad_post_layout":"","_kad_post_sidebar_id":"","_kad_post_content_style":"","_kad_post_vertical_padding":"","_kad_post_feature":"","_kad_post_feature_position":"","_kad_post_header":false,"_kad_post_footer":false,"_kad_post_classname":"","footnotes":""},"class_list":["post-1983","page","type-page","status-publish","hentry"],"yoast_head":"<!-- This site is optimized with the Yoast SEO plugin v25.2 - https:\/\/yoast.com\/wordpress\/plugins\/seo\/ -->\n<title>Empleo - Municipalidad de Sauce Viejo<\/title>\n<meta name=\"robots\" content=\"index, follow, max-snippet:-1, max-image-preview:large, max-video-preview:-1\" \/>\n<link rel=\"canonical\" href=\"https:\/\/sauceviejo.gob.ar\/sauceonline\/empleo\/\" \/>\n<meta property=\"og:locale\" content=\"es_ES\" \/>\n<meta property=\"og:type\" content=\"article\" \/>\n<meta property=\"og:title\" content=\"Empleo - Municipalidad de Sauce Viejo\" \/>\n<meta property=\"og:description\" content=\"Empleo Diego Fournell Ministerio de Trabajo de la Naci\u00f3n Ministerio de Trabajo de la Provincia de Santa Fe\" \/>\n<meta property=\"og:url\" content=\"https:\/\/sauceviejo.gob.ar\/sauceonline\/empleo\/\" \/>\n<meta property=\"og:site_name\" content=\"Municipalidad de Sauce Viejo\" \/>\n<meta property=\"article:publisher\" content=\"https:\/\/www.facebook.com\/MunicipalidadDeSauceViejo\" \/>\n<meta property=\"article:modified_time\" content=\"2023-04-25T07:50:40+00:00\" \/>\n<meta property=\"og:image\" content=\"https:\/\/sauceviejo.gob.ar\/sauceonline\/wp-content\/uploads\/2023\/03\/Empleo-1024x768.jpg\" \/>\n<meta name=\"twitter:card\" content=\"summary_large_image\" \/>\n<meta name=\"twitter:site\" content=\"@sauceviejomuni\" \/>\n<meta name=\"twitter:label1\" content=\"Tiempo de lectura\" \/>\n\t<meta name=\"twitter:data1\" content=\"1 minuto\" \/>\n<script type=\"application\/ld+json\" class=\"yoast-schema-graph\">{\"@context\":\"https:\/\/schema.org\",\"@graph\":[{\"@type\":\"WebPage\",\"@id\":\"https:\/\/sauceviejo.gob.ar\/sauceonline\/empleo\/\",\"url\":\"https:\/\/sauceviejo.gob.ar\/sauceonline\/empleo\/\",\"name\":\"Empleo - Municipalidad de Sauce Viejo\",\"isPartOf\":{\"@id\":\"https:\/\/sauceviejo.gob.ar\/sauceonline\/#website\"},\"primaryImageOfPage\":{\"@id\":\"https:\/\/sauceviejo.gob.ar\/sauceonline\/empleo\/#primaryimage\"},\"image\":{\"@id\":\"https:\/\/sauceviejo.gob.ar\/sauceonline\/empleo\/#primaryimage\"},\"thumbnailUrl\":\"https:\/\/sauceviejo.gob.ar\/sauceonline\/wp-content\/uploads\/2023\/03\/Empleo-1024x768.jpg\",\"datePublished\":\"2023-03-04T21:13:57+00:00\",\"dateModified\":\"2023-04-25T07:50:40+00:00\",\"breadcrumb\":{\"@id\":\"https:\/\/sauceviejo.gob.ar\/sauceonline\/empleo\/#breadcrumb\"},\"inLanguage\":\"es\",\"potentialAction\":[{\"@type\":\"ReadAction\",\"target\":[\"https:\/\/sauceviejo.gob.ar\/sauceonline\/empleo\/\"]}]},{\"@type\":\"ImageObject\",\"inLanguage\":\"es\",\"@id\":\"https:\/\/sauceviejo.gob.ar\/sauceonline\/empleo\/#primaryimage\",\"url\":\"https:\/\/sauceviejo.gob.ar\/sauceonline\/wp-content\/uploads\/2023\/03\/Empleo.jpg\",\"contentUrl\":\"https:\/\/sauceviejo.gob.ar\/sauceonline\/wp-content\/uploads\/2023\/03\/Empleo.jpg\",\"width\":1600,\"height\":1200},{\"@type\":\"BreadcrumbList\",\"@id\":\"https:\/\/sauceviejo.gob.ar\/sauceonline\/empleo\/#breadcrumb\",\"itemListElement\":[{\"@type\":\"ListItem\",\"position\":1,\"name\":\"Portada\",\"item\":\"https:\/\/sauceviejo.gob.ar\/sauceonline\/\"},{\"@type\":\"ListItem\",\"position\":2,\"name\":\"Empleo\"}]},{\"@type\":\"WebSite\",\"@id\":\"https:\/\/sauceviejo.gob.ar\/sauceonline\/#website\",\"url\":\"https:\/\/sauceviejo.gob.ar\/sauceonline\/\",\"name\":\"Municipalidad de Sauce Viejo\",\"description\":\"\",\"publisher\":{\"@id\":\"https:\/\/sauceviejo.gob.ar\/sauceonline\/#organization\"},\"potentialAction\":[{\"@type\":\"SearchAction\",\"target\":{\"@type\":\"EntryPoint\",\"urlTemplate\":\"https:\/\/sauceviejo.gob.ar\/sauceonline\/?s={search_term_string}\"},\"query-input\":{\"@type\":\"PropertyValueSpecification\",\"valueRequired\":true,\"valueName\":\"search_term_string\"}}],\"inLanguage\":\"es\"},{\"@type\":\"Organization\",\"@id\":\"https:\/\/sauceviejo.gob.ar\/sauceonline\/#organization\",\"name\":\"Municipalidad de Sauce Viejo\",\"url\":\"https:\/\/sauceviejo.gob.ar\/sauceonline\/\",\"logo\":{\"@type\":\"ImageObject\",\"inLanguage\":\"es\",\"@id\":\"https:\/\/sauceviejo.gob.ar\/sauceonline\/#\/schema\/logo\/image\/\",\"url\":\"https:\/\/sauceviejo.gob.ar\/sauceonline\/wp-content\/uploads\/2024\/11\/Logo.png\",\"contentUrl\":\"https:\/\/sauceviejo.gob.ar\/sauceonline\/wp-content\/uploads\/2024\/11\/Logo.png\",\"width\":225,\"height\":225,\"caption\":\"Municipalidad de Sauce Viejo\"},\"image\":{\"@id\":\"https:\/\/sauceviejo.gob.ar\/sauceonline\/#\/schema\/logo\/image\/\"},\"sameAs\":[\"https:\/\/www.facebook.com\/MunicipalidadDeSauceViejo\",\"https:\/\/x.com\/sauceviejomuni\"]}]}<\/script>\n<!-- \/ Yoast SEO plugin. -->","yoast_head_json":{"title":"Empleo - Municipalidad de Sauce Viejo","robots":{"index":"index","follow":"follow","max-snippet":"max-snippet:-1","max-image-preview":"max-image-preview:large","max-video-preview":"max-video-preview:-1"},"canonical":"https:\/\/sauceviejo.gob.ar\/sauceonline\/empleo\/","og_locale":"es_ES","og_type":"article","og_title":"Empleo - Municipalidad de Sauce Viejo","og_description":"Empleo Diego Fournell Ministerio de Trabajo de la Naci\u00f3n Ministerio de Trabajo de la Provincia de Santa Fe","og_url":"https:\/\/sauceviejo.gob.ar\/sauceonline\/empleo\/","og_site_name":"Municipalidad de Sauce Viejo","article_publisher":"https:\/\/www.facebook.com\/MunicipalidadDeSauceViejo","article_modified_time":"2023-04-25T07:50:40+00:00","og_image":[{"url":"https:\/\/sauceviejo.gob.ar\/sauceonline\/wp-content\/uploads\/2023\/03\/Empleo-1024x768.jpg","type":"","width":"","height":""}],"twitter_card":"summary_large_image","twitter_site":"@sauceviejomuni","twitter_misc":{"Tiempo de lectura":"1 minuto"},"schema":{"@context":"https:\/\/schema.org","@graph":[{"@type":"WebPage","@id":"https:\/\/sauceviejo.gob.ar\/sauceonline\/empleo\/","url":"https:\/\/sauceviejo.gob.ar\/sauceonline\/empleo\/","name":"Empleo - Municipalidad de Sauce Viejo","isPartOf":{"@id":"https:\/\/sauceviejo.gob.ar\/sauceonline\/#website"},"primaryImageOfPage":{"@id":"https:\/\/sauceviejo.gob.ar\/sauceonline\/empleo\/#primaryimage"},"image":{"@id":"https:\/\/sauceviejo.gob.ar\/sauceonline\/empleo\/#primaryimage"},"thumbnailUrl":"https:\/\/sauceviejo.gob.ar\/sauceonline\/wp-content\/uploads\/2023\/03\/Empleo-1024x768.jpg","datePublished":"2023-03-04T21:13:57+00:00","dateModified":"2023-04-25T07:50:40+00:00","breadcrumb":{"@id":"https:\/\/sauceviejo.gob.ar\/sauceonline\/empleo\/#breadcrumb"},"inLanguage":"es","potentialAction":[{"@type":"ReadAction","target":["https:\/\/sauceviejo.gob.ar\/sauceonline\/empleo\/"]}]},{"@type":"ImageObject","inLanguage":"es","@id":"https:\/\/sauceviejo.gob.ar\/sauceonline\/empleo\/#primaryimage","url":"https:\/\/sauceviejo.gob.ar\/sauceonline\/wp-content\/uploads\/2023\/03\/Empleo.jpg","contentUrl":"https:\/\/sauceviejo.gob.ar\/sauceonline\/wp-content\/uploads\/2023\/03\/Empleo.jpg","width":1600,"height":1200},{"@type":"BreadcrumbList","@id":"https:\/\/sauceviejo.gob.ar\/sauceonline\/empleo\/#breadcrumb","itemListElement":[{"@type":"ListItem","position":1,"name":"Portada","item":"https:\/\/sauceviejo.gob.ar\/sauceonline\/"},{"@type":"ListItem","position":2,"name":"Empleo"}]},{"@type":"WebSite","@id":"https:\/\/sauceviejo.gob.ar\/sauceonline\/#website","url":"https:\/\/sauceviejo.gob.ar\/sauceonline\/","name":"Municipalidad de Sauce Viejo","description":"","publisher":{"@id":"https:\/\/sauceviejo.gob.ar\/sauceonline\/#organization"},"potentialAction":[{"@type":"SearchAction","target":{"@type":"EntryPoint","urlTemplate":"https:\/\/sauceviejo.gob.ar\/sauceonline\/?s={search_term_string}"},"query-input":{"@type":"PropertyValueSpecification","valueRequired":true,"valueName":"search_term_string"}}],"inLanguage":"es"},{"@type":"Organization","@id":"https:\/\/sauceviejo.gob.ar\/sauceonline\/#organization","name":"Municipalidad de Sauce Viejo","url":"https:\/\/sauceviejo.gob.ar\/sauceonline\/","logo":{"@type":"ImageObject","inLanguage":"es","@id":"https:\/\/sauceviejo.gob.ar\/sauceonline\/#\/schema\/logo\/image\/","url":"https:\/\/sauceviejo.gob.ar\/sauceonline\/wp-content\/uploads\/2024\/11\/Logo.png","contentUrl":"https:\/\/sauceviejo.gob.ar\/sauceonline\/wp-content\/uploads\/2024\/11\/Logo.png","width":225,"height":225,"caption":"Municipalidad de Sauce Viejo"},"image":{"@id":"https:\/\/sauceviejo.gob.ar\/sauceonline\/#\/schema\/logo\/image\/"},"sameAs":["https:\/\/www.facebook.com\/MunicipalidadDeSauceViejo","https:\/\/x.com\/sauceviejomuni"]}]}},"uagb_featured_image_src":{"full":false,"thumbnail":false,"medium":false,"medium_large":false,"large":false,"1536x1536":false,"2048x2048":false,"ultp_layout_landscape_large":false,"ultp_layout_landscape":false,"ultp_layout_portrait":false,"ultp_layout_square":false},"uagb_author_info":{"display_name":"Pablo Bellafronte","author_link":"https:\/\/sauceviejo.gob.ar\/sauceonline\/author\/vu000925\/"},"uagb_comment_info":0,"uagb_excerpt":"Empleo Diego Fournell Ministerio de Trabajo de la Naci\u00f3n Ministerio de Trabajo de la Provincia de Santa Fe","_links":{"self":[{"href":"https:\/\/sauceviejo.gob.ar\/sauceonline\/wp-json\/wp\/v2\/pages\/1983","targetHints":{"allow":["GET"]}}],"collection":[{"href":"https:\/\/sauceviejo.gob.ar\/sauceonline\/wp-json\/wp\/v2\/pages"}],"about":[{"href":"https:\/\/sauceviejo.gob.ar\/sauceonline\/wp-json\/wp\/v2\/types\/page"}],"author":[{"embeddable":true,"href":"https:\/\/sauceviejo.gob.ar\/sauceonline\/wp-json\/wp\/v2\/users\/2"}],"replies":[{"embeddable":true,"href":"https:\/\/sauceviejo.gob.ar\/sauceonline\/wp-json\/wp\/v2\/comments?post=1983"}],"version-history":[{"count":11,"href":"https:\/\/sauceviejo.gob.ar\/sauceonline\/wp-json\/wp\/v2\/pages\/1983\/revisions"}],"predecessor-version":[{"id":5402,"href":"https:\/\/sauceviejo.gob.ar\/sauceonline\/wp-json\/wp\/v2\/pages\/1983\/revisions\/5402"}],"wp:attachment":[{"href":"https:\/\/sauceviejo.gob.ar\/sauceonline\/wp-json\/wp\/v2\/media?parent=1983"}],"curies":[{"name":"wp","href":"https:\/\/api.w.org\/{rel}","templated":true}]}}