{"id":2517,"date":"2023-03-10T20:40:59","date_gmt":"2023-03-10T23:40:59","guid":{"rendered":"https:\/\/sauceviejo.gob.ar\/sauceonline\/?page_id=2517"},"modified":"2023-04-24T06:21:13","modified_gmt":"2023-04-24T09:21:13","slug":"inscripcion-proveedores","status":"publish","type":"page","link":"https:\/\/sauceviejo.gob.ar\/sauceonline\/inscripcion-proveedores\/","title":{"rendered":"Inscripci\u00f3n ONLINE de Proveedores"},"content":{"rendered":"<!-- VideographyWP Plugin Message: Automatic video embedding prevented by plugin options. -->\n\n<div style=\"height:100px\" aria-hidden=\"true\" class=\"wp-block-spacer\"><\/div>\n\n\n\n<div class=\"wp-block-uagb-advanced-heading uagb-block-885a07ad\"><h2 class=\"uagb-heading-text\">Inscripci\u00f3n ONLINE de Proveedores<\/h2><\/div>\n\n\n\n<p style=\"margin-top:var(--wp--preset--spacing--50);margin-right:var(--wp--preset--spacing--50);margin-bottom:var(--wp--preset--spacing--50);margin-left:var(--wp--preset--spacing--50)\">Si lleg\u00f3 hasta aqu\u00ed debido a su inter\u00e9s por formar parte del grupo de proveedores de la Municipalidad de Sauce Viejo, le indicamos que este tr\u00e1mite se constituye como una <strong>inscripci\u00f3n ONLINE valedera<\/strong> por lo que todos los datos solicitados en el formulario siguiente deber\u00e1n ser completados y enviados.<\/p>\n\n\n\n<p style=\"margin-top:var(--wp--preset--spacing--50);margin-right:var(--wp--preset--spacing--50);margin-bottom:var(--wp--preset--spacing--50);margin-left:var(--wp--preset--spacing--50)\">Sugerimos que con anterioridad a completar los datos del formulario tenga listos y ubicados en su computadora los <strong>4 (cuatro) archivos adjuntos que se solicita y con el formato adecuado (PDF)<\/strong>. Ellos son:<\/p>\n\n\n\n<p style=\"margin-top:var(--wp--preset--spacing--50);margin-right:var(--wp--preset--spacing--50);margin-bottom:var(--wp--preset--spacing--50);margin-left:var(--wp--preset--spacing--50)\">1 &#8211; Constancia de CUIT<br>2 &#8211; Constancia bancaria de CBU<br>3 &#8211; Formulario 1276 de API<br>4 &#8211; Constancia de inscripci\u00f3n a INGRESOS BRUTOS<\/p>\n\n\n\n<h2 class=\"wp-block-heading has-text-align-center\">Formulario de inscripci\u00f3n ONLINE<\/h2>\n\n\n\n<div class=\"wpcf7 no-js\" id=\"wpcf7-f2520-o1\" lang=\"es-ES\" dir=\"ltr\" data-wpcf7-id=\"2520\">\n<div class=\"screen-reader-response\"><p role=\"status\" aria-live=\"polite\" aria-atomic=\"true\"><\/p> <ul><\/ul><\/div>\n<form action=\"\/sauceonline\/wp-json\/wp\/v2\/pages\/2517#wpcf7-f2520-o1\" method=\"post\" class=\"wpcf7-form init\" aria-label=\"Formulario de contacto\" enctype=\"multipart\/form-data\" novalidate=\"novalidate\" data-status=\"init\">\n<div style=\"display: none;\">\n<input type=\"hidden\" name=\"_wpcf7\" value=\"2520\" \/>\n<input type=\"hidden\" name=\"_wpcf7_version\" value=\"6.0.6\" \/>\n<input type=\"hidden\" name=\"_wpcf7_locale\" value=\"es_ES\" \/>\n<input type=\"hidden\" name=\"_wpcf7_unit_tag\" value=\"wpcf7-f2520-o1\" \/>\n<input type=\"hidden\" name=\"_wpcf7_container_post\" value=\"0\" \/>\n<input type=\"hidden\" name=\"_wpcf7_posted_data_hash\" value=\"\" \/>\n<\/div>\n<p><label> 1 - Apellido y Nombre \/ Raz\u00f3n social:<br \/>\n<span class=\"wpcf7-form-control-wrap\" data-name=\"nombre\"><input size=\"40\" maxlength=\"400\" class=\"wpcf7-form-control wpcf7-text wpcf7-validates-as-required\" autocomplete=\"name\" aria-required=\"true\" aria-invalid=\"false\" value=\"\" type=\"text\" name=\"nombre\" \/><\/span> <\/label>\n<\/p>\n<p><label> 2 - Tel\u00e9fono de contacto:<br \/>\n<span class=\"wpcf7-form-control-wrap\" data-name=\"telefono\"><input size=\"40\" maxlength=\"400\" class=\"wpcf7-form-control wpcf7-tel wpcf7-validates-as-required wpcf7-text wpcf7-validates-as-tel\" aria-required=\"true\" aria-invalid=\"false\" value=\"\" type=\"tel\" name=\"telefono\" \/><\/span> <\/label>\n<\/p>\n<p><label> 3 - Ingrese su correo de contacto:<br \/>\n<span class=\"wpcf7-form-control-wrap\" data-name=\"email-40\"><input size=\"40\" maxlength=\"400\" class=\"wpcf7-form-control wpcf7-email wpcf7-validates-as-required wpcf7-text wpcf7-validates-as-email\" autocomplete=\"email\" aria-required=\"true\" aria-invalid=\"false\" value=\"\" type=\"email\" name=\"email-40\" \/><\/span> <\/label>\n<\/p>\n<p><label> 4 - Rubro\/s en el\/los que se inscribe:<br \/>\n<span class=\"wpcf7-form-control-wrap\" data-name=\"checkbox-20\"><span class=\"wpcf7-form-control wpcf7-checkbox wpcf7-validates-as-required\"><span class=\"wpcf7-list-item first\"><label><input type=\"checkbox\" name=\"checkbox-20[]\" value=\"Alimentos\" \/><span class=\"wpcf7-list-item-label\">Alimentos<\/span><\/label><\/span><span class=\"wpcf7-list-item\"><label><input type=\"checkbox\" name=\"checkbox-20[]\" value=\"Repuestos veh\u00edculos pesados\" \/><span class=\"wpcf7-list-item-label\">Repuestos veh\u00edculos pesados<\/span><\/label><\/span><span class=\"wpcf7-list-item\"><label><input type=\"checkbox\" name=\"checkbox-20[]\" value=\"Repuestos de maquinarias\" \/><span class=\"wpcf7-list-item-label\">Repuestos de maquinarias<\/span><\/label><\/span><span class=\"wpcf7-list-item\"><label><input type=\"checkbox\" name=\"checkbox-20[]\" value=\"Repuestos de autom\u00f3viles\" \/><span class=\"wpcf7-list-item-label\">Repuestos de autom\u00f3viles<\/span><\/label><\/span><span class=\"wpcf7-list-item\"><label><input type=\"checkbox\" name=\"checkbox-20[]\" value=\"Limpieza\" \/><span class=\"wpcf7-list-item-label\">Limpieza<\/span><\/label><\/span><span class=\"wpcf7-list-item\"><label><input type=\"checkbox\" name=\"checkbox-20[]\" value=\"Librer\u00eda\" \/><span class=\"wpcf7-list-item-label\">Librer\u00eda<\/span><\/label><\/span><span class=\"wpcf7-list-item\"><label><input type=\"checkbox\" name=\"checkbox-20[]\" value=\"Ferreter\u00eda\" \/><span class=\"wpcf7-list-item-label\">Ferreter\u00eda<\/span><\/label><\/span><span class=\"wpcf7-list-item\"><label><input type=\"checkbox\" name=\"checkbox-20[]\" value=\"Corral\u00f3n\" \/><span class=\"wpcf7-list-item-label\">Corral\u00f3n<\/span><\/label><\/span><span class=\"wpcf7-list-item\"><label><input type=\"checkbox\" name=\"checkbox-20[]\" value=\"Imprenta\" \/><span class=\"wpcf7-list-item-label\">Imprenta<\/span><\/label><\/span><span class=\"wpcf7-list-item\"><label><input type=\"checkbox\" name=\"checkbox-20[]\" value=\"Bazar\" \/><span class=\"wpcf7-list-item-label\">Bazar<\/span><\/label><\/span><span class=\"wpcf7-list-item\"><label><input type=\"checkbox\" name=\"checkbox-20[]\" value=\"Combustibles\" \/><span class=\"wpcf7-list-item-label\">Combustibles<\/span><\/label><\/span><span class=\"wpcf7-list-item\"><label><input type=\"checkbox\" name=\"checkbox-20[]\" value=\"Lubricantes\" \/><span class=\"wpcf7-list-item-label\">Lubricantes<\/span><\/label><\/span><span class=\"wpcf7-list-item\"><label><input type=\"checkbox\" name=\"checkbox-20[]\" value=\"Insumos del automotor\" \/><span class=\"wpcf7-list-item-label\">Insumos del automotor<\/span><\/label><\/span><span class=\"wpcf7-list-item\"><label><input type=\"checkbox\" name=\"checkbox-20[]\" value=\"Materiales e insumos de computaci\u00f3n\" \/><span class=\"wpcf7-list-item-label\">Materiales e insumos de computaci\u00f3n<\/span><\/label><\/span><span class=\"wpcf7-list-item\"><label><input type=\"checkbox\" name=\"checkbox-20[]\" value=\"Herramientas y m\u00e1quinas peque\u00f1as\" \/><span class=\"wpcf7-list-item-label\">Herramientas y m\u00e1quinas peque\u00f1as<\/span><\/label><\/span><span class=\"wpcf7-list-item last\"><label><input type=\"checkbox\" name=\"checkbox-20[]\" value=\"Otros\" \/><span class=\"wpcf7-list-item-label\">Otros<\/span><\/label><\/span><\/span><\/span> <\/label>\n<\/p>\n<p><label> Si se\u00f1al\u00f3 OTROS por favor detalle a continuaci\u00f3n el\/los rubros (caso contrario dejar en blanco):<br \/>\n<span class=\"wpcf7-form-control-wrap\" data-name=\"otros\"><input size=\"40\" maxlength=\"400\" class=\"wpcf7-form-control wpcf7-text\" aria-invalid=\"false\" value=\"\" type=\"text\" name=\"otros\" \/><\/span> <\/label>\n<\/p>\n<p><label> A continuaci\u00f3n deber\u00e1 adjuntar en formato PDF la informaci\u00f3n solicitada: <\/label>\n<\/p>\n<p><label> 5 - Constancia de CUIT:<br \/>\n<span class=\"wpcf7-form-control-wrap\" data-name=\"CUIT\"><input size=\"40\" class=\"wpcf7-form-control wpcf7-file wpcf7-validates-as-required\" accept=\".pdf\" aria-required=\"true\" aria-invalid=\"false\" type=\"file\" name=\"CUIT\" \/><\/span> <\/label>\n<\/p>\n<p><label> 6 - Constancia bancaria de CBU:<br \/>\n<span class=\"wpcf7-form-control-wrap\" data-name=\"CBU\"><input size=\"40\" class=\"wpcf7-form-control wpcf7-file wpcf7-validates-as-required\" accept=\".pdf\" aria-required=\"true\" aria-invalid=\"false\" type=\"file\" name=\"CBU\" \/><\/span> <\/label>\n<\/p>\n<p><label> 7 - Formulario 1276 de API:<br \/>\n<span class=\"wpcf7-form-control-wrap\" data-name=\"API\"><input size=\"40\" class=\"wpcf7-form-control wpcf7-file wpcf7-validates-as-required\" accept=\".pdf\" aria-required=\"true\" aria-invalid=\"false\" type=\"file\" name=\"API\" \/><\/span> <\/label>\n<\/p>\n<p><label> 8 - Constancia de inscripci\u00f3n a Ingresos Brutos:<br \/>\n<span class=\"wpcf7-form-control-wrap\" data-name=\"IB\"><input size=\"40\" class=\"wpcf7-form-control wpcf7-file wpcf7-validates-as-required\" accept=\".pdf\" aria-required=\"true\" aria-invalid=\"false\" type=\"file\" name=\"IB\" \/><\/span> <\/label>\n<\/p>\n<p><input class=\"wpcf7-form-control wpcf7-submit has-spinner\" type=\"submit\" value=\"Enviar\" \/>\n<\/p><div class=\"wpcf7-response-output\" aria-hidden=\"true\"><\/div>\n<\/form>\n<\/div>\n\n\n\n\n<p><\/p>\n","protected":false},"excerpt":{"rendered":"<p>Inscripci\u00f3n ONLINE de Proveedores Si lleg\u00f3 hasta aqu\u00ed debido a su inter\u00e9s por formar parte del grupo de proveedores de la Municipalidad de Sauce Viejo, le indicamos que este tr\u00e1mite se constituye como una inscripci\u00f3n ONLINE valedera por lo que todos los datos solicitados en el formulario siguiente deber\u00e1n ser completados y enviados. Sugerimos que&#8230;<\/p>\n","protected":false},"author":3,"featured_media":651,"parent":0,"menu_order":0,"comment_status":"closed","ping_status":"closed","template":"","meta":{"_uag_custom_page_level_css":"","_kad_post_transparent":"","_kad_post_title":"","_kad_post_layout":"","_kad_post_sidebar_id":"","_kad_post_content_style":"","_kad_post_vertical_padding":"","_kad_post_feature":"","_kad_post_feature_position":"","_kad_post_header":false,"_kad_post_footer":false,"_kad_post_classname":"","footnotes":""},"class_list":["post-2517","page","type-page","status-publish","has-post-thumbnail","hentry"],"yoast_head":"<!-- This site is optimized with the Yoast SEO plugin v25.2 - https:\/\/yoast.com\/wordpress\/plugins\/seo\/ -->\n<title>Inscripci\u00f3n ONLINE de Proveedores - Municipalidad de Sauce Viejo<\/title>\n<meta name=\"robots\" content=\"index, follow, max-snippet:-1, max-image-preview:large, max-video-preview:-1\" \/>\n<link rel=\"canonical\" href=\"https:\/\/sauceviejo.gob.ar\/sauceonline\/inscripcion-proveedores\/\" \/>\n<meta property=\"og:locale\" content=\"es_ES\" \/>\n<meta property=\"og:type\" content=\"article\" \/>\n<meta property=\"og:title\" content=\"Inscripci\u00f3n ONLINE de Proveedores - Municipalidad de Sauce Viejo\" \/>\n<meta property=\"og:description\" content=\"Inscripci\u00f3n ONLINE de Proveedores Si lleg\u00f3 hasta aqu\u00ed debido a su inter\u00e9s por formar parte del grupo de proveedores de la Municipalidad de Sauce Viejo, le indicamos que este tr\u00e1mite se constituye como una inscripci\u00f3n ONLINE valedera por lo que todos los datos solicitados en el formulario siguiente deber\u00e1n ser completados y enviados. Sugerimos que...\" \/>\n<meta property=\"og:url\" content=\"https:\/\/sauceviejo.gob.ar\/sauceonline\/inscripcion-proveedores\/\" \/>\n<meta property=\"og:site_name\" content=\"Municipalidad de Sauce Viejo\" \/>\n<meta property=\"article:publisher\" content=\"https:\/\/www.facebook.com\/MunicipalidadDeSauceViejo\" \/>\n<meta property=\"article:modified_time\" content=\"2023-04-24T09:21:13+00:00\" \/>\n<meta property=\"og:image\" content=\"https:\/\/sauceviejo.gob.ar\/sauceonline\/wp-content\/uploads\/2021\/05\/png-1.png\" \/>\n\t<meta property=\"og:image:width\" content=\"739\" \/>\n\t<meta property=\"og:image:height\" content=\"1000\" \/>\n\t<meta property=\"og:image:type\" content=\"image\/png\" \/>\n<meta name=\"twitter:card\" content=\"summary_large_image\" \/>\n<meta name=\"twitter:site\" content=\"@sauceviejomuni\" \/>\n<meta name=\"twitter:label1\" content=\"Tiempo de lectura\" \/>\n\t<meta name=\"twitter:data1\" content=\"1 minuto\" \/>\n<script type=\"application\/ld+json\" class=\"yoast-schema-graph\">{\"@context\":\"https:\/\/schema.org\",\"@graph\":[{\"@type\":\"WebPage\",\"@id\":\"https:\/\/sauceviejo.gob.ar\/sauceonline\/inscripcion-proveedores\/\",\"url\":\"https:\/\/sauceviejo.gob.ar\/sauceonline\/inscripcion-proveedores\/\",\"name\":\"Inscripci\u00f3n ONLINE de Proveedores - Municipalidad de Sauce Viejo\",\"isPartOf\":{\"@id\":\"https:\/\/sauceviejo.gob.ar\/sauceonline\/#website\"},\"primaryImageOfPage\":{\"@id\":\"https:\/\/sauceviejo.gob.ar\/sauceonline\/inscripcion-proveedores\/#primaryimage\"},\"image\":{\"@id\":\"https:\/\/sauceviejo.gob.ar\/sauceonline\/inscripcion-proveedores\/#primaryimage\"},\"thumbnailUrl\":\"https:\/\/sauceviejo.gob.ar\/sauceonline\/wp-content\/uploads\/2021\/05\/png-1.png\",\"datePublished\":\"2023-03-10T23:40:59+00:00\",\"dateModified\":\"2023-04-24T09:21:13+00:00\",\"breadcrumb\":{\"@id\":\"https:\/\/sauceviejo.gob.ar\/sauceonline\/inscripcion-proveedores\/#breadcrumb\"},\"inLanguage\":\"es\",\"potentialAction\":[{\"@type\":\"ReadAction\",\"target\":[\"https:\/\/sauceviejo.gob.ar\/sauceonline\/inscripcion-proveedores\/\"]}]},{\"@type\":\"ImageObject\",\"inLanguage\":\"es\",\"@id\":\"https:\/\/sauceviejo.gob.ar\/sauceonline\/inscripcion-proveedores\/#primaryimage\",\"url\":\"https:\/\/sauceviejo.gob.ar\/sauceonline\/wp-content\/uploads\/2021\/05\/png-1.png\",\"contentUrl\":\"https:\/\/sauceviejo.gob.ar\/sauceonline\/wp-content\/uploads\/2021\/05\/png-1.png\",\"width\":739,\"height\":1000},{\"@type\":\"BreadcrumbList\",\"@id\":\"https:\/\/sauceviejo.gob.ar\/sauceonline\/inscripcion-proveedores\/#breadcrumb\",\"itemListElement\":[{\"@type\":\"ListItem\",\"position\":1,\"name\":\"Portada\",\"item\":\"https:\/\/sauceviejo.gob.ar\/sauceonline\/\"},{\"@type\":\"ListItem\",\"position\":2,\"name\":\"Inscripci\u00f3n ONLINE de Proveedores\"}]},{\"@type\":\"WebSite\",\"@id\":\"https:\/\/sauceviejo.gob.ar\/sauceonline\/#website\",\"url\":\"https:\/\/sauceviejo.gob.ar\/sauceonline\/\",\"name\":\"Municipalidad de Sauce Viejo\",\"description\":\"\",\"publisher\":{\"@id\":\"https:\/\/sauceviejo.gob.ar\/sauceonline\/#organization\"},\"potentialAction\":[{\"@type\":\"SearchAction\",\"target\":{\"@type\":\"EntryPoint\",\"urlTemplate\":\"https:\/\/sauceviejo.gob.ar\/sauceonline\/?s={search_term_string}\"},\"query-input\":{\"@type\":\"PropertyValueSpecification\",\"valueRequired\":true,\"valueName\":\"search_term_string\"}}],\"inLanguage\":\"es\"},{\"@type\":\"Organization\",\"@id\":\"https:\/\/sauceviejo.gob.ar\/sauceonline\/#organization\",\"name\":\"Municipalidad de Sauce Viejo\",\"url\":\"https:\/\/sauceviejo.gob.ar\/sauceonline\/\",\"logo\":{\"@type\":\"ImageObject\",\"inLanguage\":\"es\",\"@id\":\"https:\/\/sauceviejo.gob.ar\/sauceonline\/#\/schema\/logo\/image\/\",\"url\":\"https:\/\/sauceviejo.gob.ar\/sauceonline\/wp-content\/uploads\/2024\/11\/Logo.png\",\"contentUrl\":\"https:\/\/sauceviejo.gob.ar\/sauceonline\/wp-content\/uploads\/2024\/11\/Logo.png\",\"width\":225,\"height\":225,\"caption\":\"Municipalidad de Sauce Viejo\"},\"image\":{\"@id\":\"https:\/\/sauceviejo.gob.ar\/sauceonline\/#\/schema\/logo\/image\/\"},\"sameAs\":[\"https:\/\/www.facebook.com\/MunicipalidadDeSauceViejo\",\"https:\/\/x.com\/sauceviejomuni\"]}]}<\/script>\n<!-- \/ Yoast SEO plugin. -->","yoast_head_json":{"title":"Inscripci\u00f3n ONLINE de Proveedores - Municipalidad de Sauce Viejo","robots":{"index":"index","follow":"follow","max-snippet":"max-snippet:-1","max-image-preview":"max-image-preview:large","max-video-preview":"max-video-preview:-1"},"canonical":"https:\/\/sauceviejo.gob.ar\/sauceonline\/inscripcion-proveedores\/","og_locale":"es_ES","og_type":"article","og_title":"Inscripci\u00f3n ONLINE de Proveedores - Municipalidad de Sauce Viejo","og_description":"Inscripci\u00f3n ONLINE de Proveedores Si lleg\u00f3 hasta aqu\u00ed debido a su inter\u00e9s por formar parte del grupo de proveedores de la Municipalidad de Sauce Viejo, le indicamos que este tr\u00e1mite se constituye como una inscripci\u00f3n ONLINE valedera por lo que todos los datos solicitados en el formulario siguiente deber\u00e1n ser completados y enviados. Sugerimos que...","og_url":"https:\/\/sauceviejo.gob.ar\/sauceonline\/inscripcion-proveedores\/","og_site_name":"Municipalidad de Sauce Viejo","article_publisher":"https:\/\/www.facebook.com\/MunicipalidadDeSauceViejo","article_modified_time":"2023-04-24T09:21:13+00:00","og_image":[{"width":739,"height":1000,"url":"https:\/\/sauceviejo.gob.ar\/sauceonline\/wp-content\/uploads\/2021\/05\/png-1.png","type":"image\/png"}],"twitter_card":"summary_large_image","twitter_site":"@sauceviejomuni","twitter_misc":{"Tiempo de lectura":"1 minuto"},"schema":{"@context":"https:\/\/schema.org","@graph":[{"@type":"WebPage","@id":"https:\/\/sauceviejo.gob.ar\/sauceonline\/inscripcion-proveedores\/","url":"https:\/\/sauceviejo.gob.ar\/sauceonline\/inscripcion-proveedores\/","name":"Inscripci\u00f3n ONLINE de Proveedores - Municipalidad de Sauce Viejo","isPartOf":{"@id":"https:\/\/sauceviejo.gob.ar\/sauceonline\/#website"},"primaryImageOfPage":{"@id":"https:\/\/sauceviejo.gob.ar\/sauceonline\/inscripcion-proveedores\/#primaryimage"},"image":{"@id":"https:\/\/sauceviejo.gob.ar\/sauceonline\/inscripcion-proveedores\/#primaryimage"},"thumbnailUrl":"https:\/\/sauceviejo.gob.ar\/sauceonline\/wp-content\/uploads\/2021\/05\/png-1.png","datePublished":"2023-03-10T23:40:59+00:00","dateModified":"2023-04-24T09:21:13+00:00","breadcrumb":{"@id":"https:\/\/sauceviejo.gob.ar\/sauceonline\/inscripcion-proveedores\/#breadcrumb"},"inLanguage":"es","potentialAction":[{"@type":"ReadAction","target":["https:\/\/sauceviejo.gob.ar\/sauceonline\/inscripcion-proveedores\/"]}]},{"@type":"ImageObject","inLanguage":"es","@id":"https:\/\/sauceviejo.gob.ar\/sauceonline\/inscripcion-proveedores\/#primaryimage","url":"https:\/\/sauceviejo.gob.ar\/sauceonline\/wp-content\/uploads\/2021\/05\/png-1.png","contentUrl":"https:\/\/sauceviejo.gob.ar\/sauceonline\/wp-content\/uploads\/2021\/05\/png-1.png","width":739,"height":1000},{"@type":"BreadcrumbList","@id":"https:\/\/sauceviejo.gob.ar\/sauceonline\/inscripcion-proveedores\/#breadcrumb","itemListElement":[{"@type":"ListItem","position":1,"name":"Portada","item":"https:\/\/sauceviejo.gob.ar\/sauceonline\/"},{"@type":"ListItem","position":2,"name":"Inscripci\u00f3n ONLINE de Proveedores"}]},{"@type":"WebSite","@id":"https:\/\/sauceviejo.gob.ar\/sauceonline\/#website","url":"https:\/\/sauceviejo.gob.ar\/sauceonline\/","name":"Municipalidad de Sauce Viejo","description":"","publisher":{"@id":"https:\/\/sauceviejo.gob.ar\/sauceonline\/#organization"},"potentialAction":[{"@type":"SearchAction","target":{"@type":"EntryPoint","urlTemplate":"https:\/\/sauceviejo.gob.ar\/sauceonline\/?s={search_term_string}"},"query-input":{"@type":"PropertyValueSpecification","valueRequired":true,"valueName":"search_term_string"}}],"inLanguage":"es"},{"@type":"Organization","@id":"https:\/\/sauceviejo.gob.ar\/sauceonline\/#organization","name":"Municipalidad de Sauce Viejo","url":"https:\/\/sauceviejo.gob.ar\/sauceonline\/","logo":{"@type":"ImageObject","inLanguage":"es","@id":"https:\/\/sauceviejo.gob.ar\/sauceonline\/#\/schema\/logo\/image\/","url":"https:\/\/sauceviejo.gob.ar\/sauceonline\/wp-content\/uploads\/2024\/11\/Logo.png","contentUrl":"https:\/\/sauceviejo.gob.ar\/sauceonline\/wp-content\/uploads\/2024\/11\/Logo.png","width":225,"height":225,"caption":"Municipalidad de Sauce Viejo"},"image":{"@id":"https:\/\/sauceviejo.gob.ar\/sauceonline\/#\/schema\/logo\/image\/"},"sameAs":["https:\/\/www.facebook.com\/MunicipalidadDeSauceViejo","https:\/\/x.com\/sauceviejomuni"]}]}},"uagb_featured_image_src":{"full":["https:\/\/sauceviejo.gob.ar\/sauceonline\/wp-content\/uploads\/2021\/05\/png-1.png",739,1000,false],"thumbnail":["https:\/\/sauceviejo.gob.ar\/sauceonline\/wp-content\/uploads\/2021\/05\/png-1-150x150.png",150,150,true],"medium":["https:\/\/sauceviejo.gob.ar\/sauceonline\/wp-content\/uploads\/2021\/05\/png-1-222x300.png",222,300,true],"medium_large":["https:\/\/sauceviejo.gob.ar\/sauceonline\/wp-content\/uploads\/2021\/05\/png-1.png",739,1000,false],"large":["https:\/\/sauceviejo.gob.ar\/sauceonline\/wp-content\/uploads\/2021\/05\/png-1.png",739,1000,false],"1536x1536":["https:\/\/sauceviejo.gob.ar\/sauceonline\/wp-content\/uploads\/2021\/05\/png-1.png",739,1000,false],"2048x2048":["https:\/\/sauceviejo.gob.ar\/sauceonline\/wp-content\/uploads\/2021\/05\/png-1.png",739,1000,false],"ultp_layout_landscape_large":["https:\/\/sauceviejo.gob.ar\/sauceonline\/wp-content\/uploads\/2021\/05\/png-1.png",591,800,false],"ultp_layout_landscape":["https:\/\/sauceviejo.gob.ar\/sauceonline\/wp-content\/uploads\/2021\/05\/png-1.png",421,570,false],"ultp_layout_portrait":["https:\/\/sauceviejo.gob.ar\/sauceonline\/wp-content\/uploads\/2021\/05\/png-1.png",600,812,false],"ultp_layout_square":["https:\/\/sauceviejo.gob.ar\/sauceonline\/wp-content\/uploads\/2021\/05\/png-1.png",443,600,false]},"uagb_author_info":{"display_name":"Pablo Bellafronte","author_link":"https:\/\/sauceviejo.gob.ar\/sauceonline\/author\/pablo-bellafronte\/"},"uagb_comment_info":0,"uagb_excerpt":"Inscripci\u00f3n ONLINE de Proveedores Si lleg\u00f3 hasta aqu\u00ed debido a su inter\u00e9s por formar parte del grupo de proveedores de la Municipalidad de Sauce Viejo, le indicamos que este tr\u00e1mite se constituye como una inscripci\u00f3n ONLINE valedera por lo que todos los datos solicitados en el formulario siguiente deber\u00e1n ser completados y enviados. Sugerimos que...","_links":{"self":[{"href":"https:\/\/sauceviejo.gob.ar\/sauceonline\/wp-json\/wp\/v2\/pages\/2517","targetHints":{"allow":["GET"]}}],"collection":[{"href":"https:\/\/sauceviejo.gob.ar\/sauceonline\/wp-json\/wp\/v2\/pages"}],"about":[{"href":"https:\/\/sauceviejo.gob.ar\/sauceonline\/wp-json\/wp\/v2\/types\/page"}],"author":[{"embeddable":true,"href":"https:\/\/sauceviejo.gob.ar\/sauceonline\/wp-json\/wp\/v2\/users\/3"}],"replies":[{"embeddable":true,"href":"https:\/\/sauceviejo.gob.ar\/sauceonline\/wp-json\/wp\/v2\/comments?post=2517"}],"version-history":[{"count":15,"href":"https:\/\/sauceviejo.gob.ar\/sauceonline\/wp-json\/wp\/v2\/pages\/2517\/revisions"}],"predecessor-version":[{"id":5315,"href":"https:\/\/sauceviejo.gob.ar\/sauceonline\/wp-json\/wp\/v2\/pages\/2517\/revisions\/5315"}],"wp:featuredmedia":[{"embeddable":true,"href":"https:\/\/sauceviejo.gob.ar\/sauceonline\/wp-json\/wp\/v2\/media\/651"}],"wp:attachment":[{"href":"https:\/\/sauceviejo.gob.ar\/sauceonline\/wp-json\/wp\/v2\/media?parent=2517"}],"curies":[{"name":"wp","href":"https:\/\/api.w.org\/{rel}","templated":true}]}}