{"id":5590,"date":"2023-05-02T18:35:38","date_gmt":"2023-05-02T21:35:38","guid":{"rendered":"https:\/\/sauceviejo.gob.ar\/sauceonline\/?page_id=5590"},"modified":"2023-10-05T06:29:48","modified_gmt":"2023-10-05T09:29:48","slug":"inscripcion-docente","status":"publish","type":"page","link":"https:\/\/sauceviejo.gob.ar\/sauceonline\/inscripcion-docente\/","title":{"rendered":"Inscripci\u00f3n docente"},"content":{"rendered":"<!-- VideographyWP Plugin Message: Automatic video embedding prevented by plugin options. -->\n\n<div style=\"height:100px\" aria-hidden=\"true\" class=\"wp-block-spacer\"><\/div>\n\n\n\n<div class=\"wp-block-uagb-advanced-heading uagb-block-b978d911\"><h2 class=\"uagb-heading-text\">Inscripci\u00f3n docente<\/h2><\/div>\n\n\n\n<div style=\"height:42px\" aria-hidden=\"true\" class=\"wp-block-spacer\"><\/div>\n\n\n\n<div class=\"wpcf7 no-js\" id=\"wpcf7-f5589-o1\" lang=\"es-ES\" dir=\"ltr\" data-wpcf7-id=\"5589\">\n<div class=\"screen-reader-response\"><p role=\"status\" aria-live=\"polite\" aria-atomic=\"true\"><\/p> <ul><\/ul><\/div>\n<form action=\"\/sauceonline\/wp-json\/wp\/v2\/pages\/5590#wpcf7-f5589-o1\" method=\"post\" class=\"wpcf7-form init\" aria-label=\"Formulario de contacto\" enctype=\"multipart\/form-data\" novalidate=\"novalidate\" data-status=\"init\">\n<div style=\"display: none;\">\n<input type=\"hidden\" name=\"_wpcf7\" value=\"5589\" \/>\n<input type=\"hidden\" name=\"_wpcf7_version\" value=\"6.0.6\" \/>\n<input type=\"hidden\" name=\"_wpcf7_locale\" value=\"es_ES\" \/>\n<input type=\"hidden\" name=\"_wpcf7_unit_tag\" value=\"wpcf7-f5589-o1\" \/>\n<input type=\"hidden\" name=\"_wpcf7_container_post\" value=\"0\" \/>\n<input type=\"hidden\" name=\"_wpcf7_posted_data_hash\" value=\"\" \/>\n<\/div>\n<p><label> 1 - Apellido y Nombre:<br \/>\n<span class=\"wpcf7-form-control-wrap\" data-name=\"nombre\"><input size=\"40\" maxlength=\"400\" class=\"wpcf7-form-control wpcf7-text wpcf7-validates-as-required\" autocomplete=\"name\" aria-required=\"true\" aria-invalid=\"false\" value=\"\" type=\"text\" name=\"nombre\" \/><\/span> <\/label>\n<\/p>\n<p><label> 2 - Tel\u00e9fono de contacto:<br \/>\n<span class=\"wpcf7-form-control-wrap\" data-name=\"telefono\"><input size=\"40\" maxlength=\"400\" class=\"wpcf7-form-control wpcf7-tel wpcf7-validates-as-required wpcf7-text wpcf7-validates-as-tel\" aria-required=\"true\" aria-invalid=\"false\" value=\"\" type=\"tel\" name=\"telefono\" \/><\/span> <\/label>\n<\/p>\n<p><label> 3 - Ingrese su correo de contacto:<br \/>\n<span class=\"wpcf7-form-control-wrap\" data-name=\"email-40\"><input size=\"40\" maxlength=\"400\" class=\"wpcf7-form-control wpcf7-email wpcf7-validates-as-required wpcf7-text wpcf7-validates-as-email\" autocomplete=\"email\" aria-required=\"true\" aria-invalid=\"false\" value=\"\" type=\"email\" name=\"email-40\" \/><\/span> <\/label>\n<\/p>\n<p><label> 4 - \u00bfEn qu\u00e9 \u00e1rea se inscribe?:<br \/>\n<span class=\"wpcf7-form-control-wrap\" data-name=\"checkbox-20\"><span class=\"wpcf7-form-control wpcf7-checkbox wpcf7-validates-as-required\"><span class=\"wpcf7-list-item first\"><label><input type=\"checkbox\" name=\"checkbox-20[]\" value=\"M\u00fasica\" \/><span class=\"wpcf7-list-item-label\">M\u00fasica<\/span><\/label><\/span><span class=\"wpcf7-list-item\"><label><input type=\"checkbox\" name=\"checkbox-20[]\" value=\"Danza folkl\u00f3rica\" \/><span class=\"wpcf7-list-item-label\">Danza folkl\u00f3rica<\/span><\/label><\/span><span class=\"wpcf7-list-item\"><label><input type=\"checkbox\" name=\"checkbox-20[]\" value=\"Canto\" \/><span class=\"wpcf7-list-item-label\">Canto<\/span><\/label><\/span><span class=\"wpcf7-list-item\"><label><input type=\"checkbox\" name=\"checkbox-20[]\" value=\"Oficios\" \/><span class=\"wpcf7-list-item-label\">Oficios<\/span><\/label><\/span><span class=\"wpcf7-list-item\"><label><input type=\"checkbox\" name=\"checkbox-20[]\" value=\"Ingl\u00e9s\" \/><span class=\"wpcf7-list-item-label\">Ingl\u00e9s<\/span><\/label><\/span><span class=\"wpcf7-list-item\"><label><input type=\"checkbox\" name=\"checkbox-20[]\" value=\"Ajedr\u00e9z\" \/><span class=\"wpcf7-list-item-label\">Ajedr\u00e9z<\/span><\/label><\/span><span class=\"wpcf7-list-item\"><label><input type=\"checkbox\" name=\"checkbox-20[]\" value=\"Danza cl\u00e1sica\" \/><span class=\"wpcf7-list-item-label\">Danza cl\u00e1sica<\/span><\/label><\/span><span class=\"wpcf7-list-item\"><label><input type=\"checkbox\" name=\"checkbox-20[]\" value=\"Programaci\u00f3n\" \/><span class=\"wpcf7-list-item-label\">Programaci\u00f3n<\/span><\/label><\/span><span class=\"wpcf7-list-item\"><label><input type=\"checkbox\" name=\"checkbox-20[]\" value=\"Dise\u00f1o e Impresi\u00f3n 3D\" \/><span class=\"wpcf7-list-item-label\">Dise\u00f1o e Impresi\u00f3n 3D<\/span><\/label><\/span><span class=\"wpcf7-list-item\"><label><input type=\"checkbox\" name=\"checkbox-20[]\" value=\"Rob\u00f3tica educativa\" \/><span class=\"wpcf7-list-item-label\">Rob\u00f3tica educativa<\/span><\/label><\/span><span class=\"wpcf7-list-item\"><label><input type=\"checkbox\" name=\"checkbox-20[]\" value=\"Inform\u00e1tica administrativa\" \/><span class=\"wpcf7-list-item-label\">Inform\u00e1tica administrativa<\/span><\/label><\/span><span class=\"wpcf7-list-item last\"><label><input type=\"checkbox\" name=\"checkbox-20[]\" value=\"Otros\" \/><span class=\"wpcf7-list-item-label\">Otros<\/span><\/label><\/span><\/span><\/span> <\/label>\n<\/p>\n<p><label> Si se\u00f1al\u00f3 OTROS u OFICIOS por favor detalle a continuaci\u00f3n (caso contrario dejar en blanco):<br \/>\n<span class=\"wpcf7-form-control-wrap\" data-name=\"otros\"><input size=\"40\" maxlength=\"400\" class=\"wpcf7-form-control wpcf7-text\" aria-invalid=\"false\" value=\"\" type=\"text\" name=\"otros\" \/><\/span> <\/label>\n<\/p>\n<p><label> A continuaci\u00f3n deber\u00e1 adjuntar en formato PDF su CV personal: <\/label>\n<\/p>\n<p><label> 5 - Curr\u00edculum personal:<br \/>\n<span class=\"wpcf7-form-control-wrap\" data-name=\"CV\"><input size=\"40\" class=\"wpcf7-form-control wpcf7-file wpcf7-validates-as-required\" accept=\".pdf\" aria-required=\"true\" aria-invalid=\"false\" type=\"file\" name=\"CV\" \/><\/span> <\/label>\n<\/p>\n<p><input class=\"wpcf7-form-control wpcf7-submit has-spinner\" type=\"submit\" value=\"Enviar\" \/>\n<\/p><div class=\"wpcf7-response-output\" aria-hidden=\"true\"><\/div>\n<\/form>\n<\/div>\n\n","protected":false},"excerpt":{"rendered":"<p>Inscripci\u00f3n docente<\/p>\n","protected":false},"author":3,"featured_media":4450,"parent":0,"menu_order":0,"comment_status":"closed","ping_status":"closed","template":"","meta":{"_uag_custom_page_level_css":"","_kad_post_transparent":"","_kad_post_title":"","_kad_post_layout":"","_kad_post_sidebar_id":"","_kad_post_content_style":"","_kad_post_vertical_padding":"","_kad_post_feature":"","_kad_post_feature_position":"","_kad_post_header":false,"_kad_post_footer":false,"_kad_post_classname":"","footnotes":""},"class_list":["post-5590","page","type-page","status-publish","has-post-thumbnail","hentry"],"yoast_head":"<!-- This site is optimized with the Yoast SEO plugin v25.2 - https:\/\/yoast.com\/wordpress\/plugins\/seo\/ -->\n<title>Inscripci\u00f3n docente - Municipalidad de Sauce Viejo<\/title>\n<meta name=\"robots\" content=\"index, follow, max-snippet:-1, max-image-preview:large, max-video-preview:-1\" \/>\n<link rel=\"canonical\" href=\"https:\/\/sauceviejo.gob.ar\/sauceonline\/inscripcion-docente\/\" \/>\n<meta property=\"og:locale\" content=\"es_ES\" \/>\n<meta property=\"og:type\" content=\"article\" \/>\n<meta property=\"og:title\" content=\"Inscripci\u00f3n docente - Municipalidad de Sauce Viejo\" \/>\n<meta property=\"og:description\" content=\"Inscripci\u00f3n docente\" \/>\n<meta property=\"og:url\" content=\"https:\/\/sauceviejo.gob.ar\/sauceonline\/inscripcion-docente\/\" \/>\n<meta property=\"og:site_name\" content=\"Municipalidad de Sauce Viejo\" \/>\n<meta property=\"article:publisher\" content=\"https:\/\/www.facebook.com\/MunicipalidadDeSauceViejo\" \/>\n<meta property=\"article:modified_time\" content=\"2023-10-05T09:29:48+00:00\" \/>\n<meta property=\"og:image\" content=\"https:\/\/sauceviejo.gob.ar\/sauceonline\/wp-content\/uploads\/2023\/04\/Logo-Liceo.jpg\" \/>\n\t<meta property=\"og:image:width\" content=\"1600\" \/>\n\t<meta property=\"og:image:height\" content=\"1600\" \/>\n\t<meta property=\"og:image:type\" content=\"image\/jpeg\" \/>\n<meta name=\"twitter:card\" content=\"summary_large_image\" \/>\n<meta name=\"twitter:site\" content=\"@sauceviejomuni\" \/>\n<script type=\"application\/ld+json\" class=\"yoast-schema-graph\">{\"@context\":\"https:\/\/schema.org\",\"@graph\":[{\"@type\":\"WebPage\",\"@id\":\"https:\/\/sauceviejo.gob.ar\/sauceonline\/inscripcion-docente\/\",\"url\":\"https:\/\/sauceviejo.gob.ar\/sauceonline\/inscripcion-docente\/\",\"name\":\"Inscripci\u00f3n docente - Municipalidad de Sauce Viejo\",\"isPartOf\":{\"@id\":\"https:\/\/sauceviejo.gob.ar\/sauceonline\/#website\"},\"primaryImageOfPage\":{\"@id\":\"https:\/\/sauceviejo.gob.ar\/sauceonline\/inscripcion-docente\/#primaryimage\"},\"image\":{\"@id\":\"https:\/\/sauceviejo.gob.ar\/sauceonline\/inscripcion-docente\/#primaryimage\"},\"thumbnailUrl\":\"https:\/\/sauceviejo.gob.ar\/sauceonline\/wp-content\/uploads\/2023\/04\/Logo-Liceo.jpg\",\"datePublished\":\"2023-05-02T21:35:38+00:00\",\"dateModified\":\"2023-10-05T09:29:48+00:00\",\"breadcrumb\":{\"@id\":\"https:\/\/sauceviejo.gob.ar\/sauceonline\/inscripcion-docente\/#breadcrumb\"},\"inLanguage\":\"es\",\"potentialAction\":[{\"@type\":\"ReadAction\",\"target\":[\"https:\/\/sauceviejo.gob.ar\/sauceonline\/inscripcion-docente\/\"]}]},{\"@type\":\"ImageObject\",\"inLanguage\":\"es\",\"@id\":\"https:\/\/sauceviejo.gob.ar\/sauceonline\/inscripcion-docente\/#primaryimage\",\"url\":\"https:\/\/sauceviejo.gob.ar\/sauceonline\/wp-content\/uploads\/2023\/04\/Logo-Liceo.jpg\",\"contentUrl\":\"https:\/\/sauceviejo.gob.ar\/sauceonline\/wp-content\/uploads\/2023\/04\/Logo-Liceo.jpg\",\"width\":1600,\"height\":1600},{\"@type\":\"BreadcrumbList\",\"@id\":\"https:\/\/sauceviejo.gob.ar\/sauceonline\/inscripcion-docente\/#breadcrumb\",\"itemListElement\":[{\"@type\":\"ListItem\",\"position\":1,\"name\":\"Portada\",\"item\":\"https:\/\/sauceviejo.gob.ar\/sauceonline\/\"},{\"@type\":\"ListItem\",\"position\":2,\"name\":\"Inscripci\u00f3n docente\"}]},{\"@type\":\"WebSite\",\"@id\":\"https:\/\/sauceviejo.gob.ar\/sauceonline\/#website\",\"url\":\"https:\/\/sauceviejo.gob.ar\/sauceonline\/\",\"name\":\"Municipalidad de Sauce Viejo\",\"description\":\"\",\"publisher\":{\"@id\":\"https:\/\/sauceviejo.gob.ar\/sauceonline\/#organization\"},\"potentialAction\":[{\"@type\":\"SearchAction\",\"target\":{\"@type\":\"EntryPoint\",\"urlTemplate\":\"https:\/\/sauceviejo.gob.ar\/sauceonline\/?s={search_term_string}\"},\"query-input\":{\"@type\":\"PropertyValueSpecification\",\"valueRequired\":true,\"valueName\":\"search_term_string\"}}],\"inLanguage\":\"es\"},{\"@type\":\"Organization\",\"@id\":\"https:\/\/sauceviejo.gob.ar\/sauceonline\/#organization\",\"name\":\"Municipalidad de Sauce Viejo\",\"url\":\"https:\/\/sauceviejo.gob.ar\/sauceonline\/\",\"logo\":{\"@type\":\"ImageObject\",\"inLanguage\":\"es\",\"@id\":\"https:\/\/sauceviejo.gob.ar\/sauceonline\/#\/schema\/logo\/image\/\",\"url\":\"https:\/\/sauceviejo.gob.ar\/sauceonline\/wp-content\/uploads\/2024\/11\/Logo.png\",\"contentUrl\":\"https:\/\/sauceviejo.gob.ar\/sauceonline\/wp-content\/uploads\/2024\/11\/Logo.png\",\"width\":225,\"height\":225,\"caption\":\"Municipalidad de Sauce Viejo\"},\"image\":{\"@id\":\"https:\/\/sauceviejo.gob.ar\/sauceonline\/#\/schema\/logo\/image\/\"},\"sameAs\":[\"https:\/\/www.facebook.com\/MunicipalidadDeSauceViejo\",\"https:\/\/x.com\/sauceviejomuni\"]}]}<\/script>\n<!-- \/ Yoast SEO plugin. -->","yoast_head_json":{"title":"Inscripci\u00f3n docente - Municipalidad de Sauce Viejo","robots":{"index":"index","follow":"follow","max-snippet":"max-snippet:-1","max-image-preview":"max-image-preview:large","max-video-preview":"max-video-preview:-1"},"canonical":"https:\/\/sauceviejo.gob.ar\/sauceonline\/inscripcion-docente\/","og_locale":"es_ES","og_type":"article","og_title":"Inscripci\u00f3n docente - Municipalidad de Sauce Viejo","og_description":"Inscripci\u00f3n docente","og_url":"https:\/\/sauceviejo.gob.ar\/sauceonline\/inscripcion-docente\/","og_site_name":"Municipalidad de Sauce Viejo","article_publisher":"https:\/\/www.facebook.com\/MunicipalidadDeSauceViejo","article_modified_time":"2023-10-05T09:29:48+00:00","og_image":[{"width":1600,"height":1600,"url":"https:\/\/sauceviejo.gob.ar\/sauceonline\/wp-content\/uploads\/2023\/04\/Logo-Liceo.jpg","type":"image\/jpeg"}],"twitter_card":"summary_large_image","twitter_site":"@sauceviejomuni","schema":{"@context":"https:\/\/schema.org","@graph":[{"@type":"WebPage","@id":"https:\/\/sauceviejo.gob.ar\/sauceonline\/inscripcion-docente\/","url":"https:\/\/sauceviejo.gob.ar\/sauceonline\/inscripcion-docente\/","name":"Inscripci\u00f3n docente - Municipalidad de Sauce Viejo","isPartOf":{"@id":"https:\/\/sauceviejo.gob.ar\/sauceonline\/#website"},"primaryImageOfPage":{"@id":"https:\/\/sauceviejo.gob.ar\/sauceonline\/inscripcion-docente\/#primaryimage"},"image":{"@id":"https:\/\/sauceviejo.gob.ar\/sauceonline\/inscripcion-docente\/#primaryimage"},"thumbnailUrl":"https:\/\/sauceviejo.gob.ar\/sauceonline\/wp-content\/uploads\/2023\/04\/Logo-Liceo.jpg","datePublished":"2023-05-02T21:35:38+00:00","dateModified":"2023-10-05T09:29:48+00:00","breadcrumb":{"@id":"https:\/\/sauceviejo.gob.ar\/sauceonline\/inscripcion-docente\/#breadcrumb"},"inLanguage":"es","potentialAction":[{"@type":"ReadAction","target":["https:\/\/sauceviejo.gob.ar\/sauceonline\/inscripcion-docente\/"]}]},{"@type":"ImageObject","inLanguage":"es","@id":"https:\/\/sauceviejo.gob.ar\/sauceonline\/inscripcion-docente\/#primaryimage","url":"https:\/\/sauceviejo.gob.ar\/sauceonline\/wp-content\/uploads\/2023\/04\/Logo-Liceo.jpg","contentUrl":"https:\/\/sauceviejo.gob.ar\/sauceonline\/wp-content\/uploads\/2023\/04\/Logo-Liceo.jpg","width":1600,"height":1600},{"@type":"BreadcrumbList","@id":"https:\/\/sauceviejo.gob.ar\/sauceonline\/inscripcion-docente\/#breadcrumb","itemListElement":[{"@type":"ListItem","position":1,"name":"Portada","item":"https:\/\/sauceviejo.gob.ar\/sauceonline\/"},{"@type":"ListItem","position":2,"name":"Inscripci\u00f3n docente"}]},{"@type":"WebSite","@id":"https:\/\/sauceviejo.gob.ar\/sauceonline\/#website","url":"https:\/\/sauceviejo.gob.ar\/sauceonline\/","name":"Municipalidad de Sauce Viejo","description":"","publisher":{"@id":"https:\/\/sauceviejo.gob.ar\/sauceonline\/#organization"},"potentialAction":[{"@type":"SearchAction","target":{"@type":"EntryPoint","urlTemplate":"https:\/\/sauceviejo.gob.ar\/sauceonline\/?s={search_term_string}"},"query-input":{"@type":"PropertyValueSpecification","valueRequired":true,"valueName":"search_term_string"}}],"inLanguage":"es"},{"@type":"Organization","@id":"https:\/\/sauceviejo.gob.ar\/sauceonline\/#organization","name":"Municipalidad de Sauce Viejo","url":"https:\/\/sauceviejo.gob.ar\/sauceonline\/","logo":{"@type":"ImageObject","inLanguage":"es","@id":"https:\/\/sauceviejo.gob.ar\/sauceonline\/#\/schema\/logo\/image\/","url":"https:\/\/sauceviejo.gob.ar\/sauceonline\/wp-content\/uploads\/2024\/11\/Logo.png","contentUrl":"https:\/\/sauceviejo.gob.ar\/sauceonline\/wp-content\/uploads\/2024\/11\/Logo.png","width":225,"height":225,"caption":"Municipalidad de Sauce Viejo"},"image":{"@id":"https:\/\/sauceviejo.gob.ar\/sauceonline\/#\/schema\/logo\/image\/"},"sameAs":["https:\/\/www.facebook.com\/MunicipalidadDeSauceViejo","https:\/\/x.com\/sauceviejomuni"]}]}},"uagb_featured_image_src":{"full":["https:\/\/sauceviejo.gob.ar\/sauceonline\/wp-content\/uploads\/2023\/04\/Logo-Liceo.jpg",1600,1600,false],"thumbnail":["https:\/\/sauceviejo.gob.ar\/sauceonline\/wp-content\/uploads\/2023\/04\/Logo-Liceo-150x150.jpg",150,150,true],"medium":["https:\/\/sauceviejo.gob.ar\/sauceonline\/wp-content\/uploads\/2023\/04\/Logo-Liceo-300x300.jpg",300,300,true],"medium_large":["https:\/\/sauceviejo.gob.ar\/sauceonline\/wp-content\/uploads\/2023\/04\/Logo-Liceo-768x768.jpg",768,768,true],"large":["https:\/\/sauceviejo.gob.ar\/sauceonline\/wp-content\/uploads\/2023\/04\/Logo-Liceo-1024x1024.jpg",1024,1024,true],"1536x1536":["https:\/\/sauceviejo.gob.ar\/sauceonline\/wp-content\/uploads\/2023\/04\/Logo-Liceo-1536x1536.jpg",1536,1536,true],"2048x2048":["https:\/\/sauceviejo.gob.ar\/sauceonline\/wp-content\/uploads\/2023\/04\/Logo-Liceo.jpg",1600,1600,false],"ultp_layout_landscape_large":["https:\/\/sauceviejo.gob.ar\/sauceonline\/wp-content\/uploads\/2023\/04\/Logo-Liceo-1200x800.jpg",1200,800,true],"ultp_layout_landscape":["https:\/\/sauceviejo.gob.ar\/sauceonline\/wp-content\/uploads\/2023\/04\/Logo-Liceo-870x570.jpg",870,570,true],"ultp_layout_portrait":["https:\/\/sauceviejo.gob.ar\/sauceonline\/wp-content\/uploads\/2023\/04\/Logo-Liceo-600x900.jpg",600,900,true],"ultp_layout_square":["https:\/\/sauceviejo.gob.ar\/sauceonline\/wp-content\/uploads\/2023\/04\/Logo-Liceo-600x600.jpg",600,600,true]},"uagb_author_info":{"display_name":"Pablo Bellafronte","author_link":"https:\/\/sauceviejo.gob.ar\/sauceonline\/author\/pablo-bellafronte\/"},"uagb_comment_info":0,"uagb_excerpt":"Inscripci\u00f3n docente","_links":{"self":[{"href":"https:\/\/sauceviejo.gob.ar\/sauceonline\/wp-json\/wp\/v2\/pages\/5590","targetHints":{"allow":["GET"]}}],"collection":[{"href":"https:\/\/sauceviejo.gob.ar\/sauceonline\/wp-json\/wp\/v2\/pages"}],"about":[{"href":"https:\/\/sauceviejo.gob.ar\/sauceonline\/wp-json\/wp\/v2\/types\/page"}],"author":[{"embeddable":true,"href":"https:\/\/sauceviejo.gob.ar\/sauceonline\/wp-json\/wp\/v2\/users\/3"}],"replies":[{"embeddable":true,"href":"https:\/\/sauceviejo.gob.ar\/sauceonline\/wp-json\/wp\/v2\/comments?post=5590"}],"version-history":[{"count":5,"href":"https:\/\/sauceviejo.gob.ar\/sauceonline\/wp-json\/wp\/v2\/pages\/5590\/revisions"}],"predecessor-version":[{"id":5597,"href":"https:\/\/sauceviejo.gob.ar\/sauceonline\/wp-json\/wp\/v2\/pages\/5590\/revisions\/5597"}],"wp:featuredmedia":[{"embeddable":true,"href":"https:\/\/sauceviejo.gob.ar\/sauceonline\/wp-json\/wp\/v2\/media\/4450"}],"wp:attachment":[{"href":"https:\/\/sauceviejo.gob.ar\/sauceonline\/wp-json\/wp\/v2\/media?parent=5590"}],"curies":[{"name":"wp","href":"https:\/\/api.w.org\/{rel}","templated":true}]}}