{"id":635,"date":"2023-03-01T10:08:21","date_gmt":"2023-03-01T13:08:21","guid":{"rendered":"https:\/\/sauceviejo.gob.ar\/sauceonline\/?page_id=635"},"modified":"2024-05-17T18:28:15","modified_gmt":"2024-05-17T21:28:15","slug":"nuestra-ciudad","status":"publish","type":"page","link":"https:\/\/sauceviejo.gob.ar\/sauceonline\/nuestra-ciudad\/","title":{"rendered":"Nuestra ciudad"},"content":{"rendered":"<!-- VideographyWP Plugin Message: Automatic video embedding prevented by plugin options. -->\n\n<div style=\"height:65px\" aria-hidden=\"true\" id=\"mapa\" class=\"wp-block-spacer\"><\/div>\n\n\n\n<div class=\"wp-block-uagb-container uagb-block-4a02728f alignfull uagb-is-root-container\"><div class=\"uagb-container-inner-blocks-wrap\">\n<div class=\"wp-block-uagb-container uagb-block-37026cfc alignfull uagb-is-root-container\"><div class=\"uagb-container-inner-blocks-wrap\">\n<div class=\"wp-block-uagb-container uagb-block-33a8c13c\">\n<h2 class=\"wp-block-heading has-text-align-center\"><mark style=\"background-color:rgba(0, 0, 0, 0)\" class=\"has-inline-color has-ast-global-color-1-color\">Nuestra ciudad<\/mark><\/h2>\n\n\n\n<p style=\"margin-top:0;margin-right:0;margin-bottom:0;margin-left:0;padding-top:var(--wp--preset--spacing--40);padding-right:var(--wp--preset--spacing--40);padding-bottom:var(--wp--preset--spacing--40);padding-left:var(--wp--preset--spacing--40)\">Sobre las <strong>m\u00e1rgenes del r\u00edo Coronda, en el centro de la Provincia de Santa Fe, Sauce Viejo <\/strong>se encuentra rodeado de recursos y atractivos que lo vuelven un lugar singular.<\/p>\n\n\n\n<h2 class=\"wp-block-heading has-text-align-center\"><mark style=\"background-color:rgba(0, 0, 0, 0)\" class=\"has-inline-color has-ast-global-color-1-color\"><strong>SAUCE VIEJO<\/strong><\/mark><\/h2>\n<\/div>\n\n\n\n<div class=\"wp-block-uagb-container uagb-block-23503c96\">\n<p>La ciudad de Sauce Viejo se extiende a lo largo de 22 km de costa sobre las m\u00e1rgenes del R\u00edo Coronda, en el centro de la provincia de Santa Fe.<\/p>\n\n\n\n<p><br>Con su propuesta tur\u00edstica de revalorizar lo natural, posee una diversidad biol\u00f3gica en el marco de un sistema de humedales \u00fanico, donde adquieren relevancia las isletas y barrancas conformando<br>un paisaje ribere\u00f1o inigualable y colorido.<\/p>\n\n\n\n<p><br>La pesca, posible por la amplia variedad de especies disponibles, es la actividad por la cual miles de turistas a lo largo de todo el a\u00f1o se acercan a la ciudad, donde encuentran la infraestructura necesaria para disfrutar y descansar<\/p>\n<\/div>\n<\/div><\/div>\n\n\n\n<p>El avistaje de aves, la exultante flora y la fauna observable lo convierten en un destino para aquellos que buscan contemplar la naturaleza y deleitarse con su riqueza. Adem\u00e1s de su paisaje costero la localidad sintetiza en su presente una trayectoria hist\u00f3rica vasta y<br>una herencia cultural signada por tradiciones y leyendas.<br><br>En el Museo Hist\u00f3rico \u2018Monte de los Padres\u2019 se puede visitar la historia de la ciudad plasmada en objetos hallados en nuestras tierras.<br>Tambi\u00e9n pueden visitarse las diversas estancias que a\u00fan conservan sus construcciones originales y son un fiel exponente de la etapa fundacional de Santa Fe.<br><br>Su identidad, ligada fundamentalmente al r\u00edo y sus baqueanos, se expresa cuando tiene lugar durante distintas noches consecutivas el Festival Folkl\u00f3rico del Pescador, que congrega a m\u00e1s de 60.000 personas, siendo una de las fiestas tradicionales de mayor relevancia en el plano nacional.<\/p>\n\n\n\n<p>Con la actuaci\u00f3n de los principales artistas del folklore argentino, tambi\u00e9n ofrece un espacio para disfrutar y adquirir productos regionales, elaborados por emprendedores locales. En este sentido, en el Paseo del Museo Hist\u00f3rico, tiene lugar la Feria de Emprendedores y Artesanos Locales.<br><br>La gastronom\u00eda local, basada en el pescado de r\u00edo, no s\u00f3lo es uno de los principales atractivos tur\u00edsticos sino la expresi\u00f3n de su identidad cultural y alimentaria, que han permitido a Sauce Viejo posicionarse como un polo de referencia a nivel provincial, regional y nacional. Un lugar de excelencia para degustar las ofrendas del r\u00edo y deleitarte con la multiplicidad de formas de preparaci\u00f3n culinaria.<br><br>Sauce Viejo, un destino para disfrutar la naturaleza, conocer la historia y revalorizar la diversidad cultural.<\/p>\n\n\n\n<figure class=\"wp-block-gallery has-nested-images columns-default is-cropped has-ffffff-background-color has-background wp-block-gallery-1 is-layout-flex wp-block-gallery-is-layout-flex\">\n<figure class=\"wp-block-image size-large\"><a href=\"https:\/\/sauceviejo.gob.ar\/sauceonline\/wp-content\/uploads\/2023\/03\/Festival-BYN-1.jpg\" target=\"_blank\" rel=\"noopener\"><img loading=\"lazy\" decoding=\"async\" width=\"1024\" height=\"745\" src=\"https:\/\/sauceviejo.gob.ar\/sauceonline\/wp-content\/uploads\/2023\/03\/Festival-BYN-1-1024x745.jpg\" alt=\"\" class=\"wp-image-3867\" srcset=\"https:\/\/sauceviejo.gob.ar\/sauceonline\/wp-content\/uploads\/2023\/03\/Festival-BYN-1-1024x745.jpg 1024w, https:\/\/sauceviejo.gob.ar\/sauceonline\/wp-content\/uploads\/2023\/03\/Festival-BYN-1-300x218.jpg 300w, https:\/\/sauceviejo.gob.ar\/sauceonline\/wp-content\/uploads\/2023\/03\/Festival-BYN-1-768x558.jpg 768w, https:\/\/sauceviejo.gob.ar\/sauceonline\/wp-content\/uploads\/2023\/03\/Festival-BYN-1.jpg 1455w\" sizes=\"auto, (max-width: 1024px) 100vw, 1024px\" \/><\/a><\/figure>\n\n\n\n<figure class=\"wp-block-image size-large\"><a href=\"https:\/\/sauceviejo.gob.ar\/sauceonline\/wp-content\/uploads\/2023\/03\/456-FILEminimizer.jpg\" target=\"_blank\" rel=\"noopener\"><img loading=\"lazy\" decoding=\"async\" width=\"1024\" height=\"683\" src=\"https:\/\/sauceviejo.gob.ar\/sauceonline\/wp-content\/uploads\/2023\/03\/456-FILEminimizer-1024x683.jpg\" alt=\"\" class=\"wp-image-3648\" srcset=\"https:\/\/sauceviejo.gob.ar\/sauceonline\/wp-content\/uploads\/2023\/03\/456-FILEminimizer-1024x683.jpg 1024w, https:\/\/sauceviejo.gob.ar\/sauceonline\/wp-content\/uploads\/2023\/03\/456-FILEminimizer-300x200.jpg 300w, https:\/\/sauceviejo.gob.ar\/sauceonline\/wp-content\/uploads\/2023\/03\/456-FILEminimizer-768x512.jpg 768w, https:\/\/sauceviejo.gob.ar\/sauceonline\/wp-content\/uploads\/2023\/03\/456-FILEminimizer.jpg 1152w\" sizes=\"auto, (max-width: 1024px) 100vw, 1024px\" \/><\/a><\/figure>\n\n\n\n<figure class=\"wp-block-image size-large\"><a href=\"https:\/\/sauceviejo.gob.ar\/sauceonline\/wp-content\/uploads\/2023\/03\/IMG-20180521-WA0123.jpg\" target=\"_blank\" rel=\"noopener\"><img loading=\"lazy\" decoding=\"async\" width=\"1024\" height=\"576\" src=\"https:\/\/sauceviejo.gob.ar\/sauceonline\/wp-content\/uploads\/2023\/03\/IMG-20180521-WA0123-1024x576.jpg\" alt=\"\" class=\"wp-image-3647\" srcset=\"https:\/\/sauceviejo.gob.ar\/sauceonline\/wp-content\/uploads\/2023\/03\/IMG-20180521-WA0123-1024x576.jpg 1024w, https:\/\/sauceviejo.gob.ar\/sauceonline\/wp-content\/uploads\/2023\/03\/IMG-20180521-WA0123-300x169.jpg 300w, https:\/\/sauceviejo.gob.ar\/sauceonline\/wp-content\/uploads\/2023\/03\/IMG-20180521-WA0123-768x432.jpg 768w, https:\/\/sauceviejo.gob.ar\/sauceonline\/wp-content\/uploads\/2023\/03\/IMG-20180521-WA0123.jpg 1032w\" sizes=\"auto, (max-width: 1024px) 100vw, 1024px\" \/><\/a><\/figure>\n\n\n\n<figure class=\"wp-block-image size-large\"><a href=\"https:\/\/sauceviejo.gob.ar\/sauceonline\/wp-content\/uploads\/2023\/03\/Educacion-1.jpg\" target=\"_blank\" rel=\"noopener\"><img decoding=\"async\" src=\"https:\/\/sauceviejo.gob.ar\/sauceonline\/wp-content\/uploads\/2023\/03\/Educacion-1.jpg\" alt=\"\" class=\"wp-image-3649\"\/><\/a><\/figure>\n\n\n\n<figure class=\"wp-block-image size-large\"><a href=\"https:\/\/sauceviejo.gob.ar\/sauceonline\/wp-content\/uploads\/2023\/03\/P1410519.jpg\" target=\"_blank\" rel=\"noopener\"><img decoding=\"async\" src=\"https:\/\/sauceviejo.gob.ar\/sauceonline\/wp-content\/uploads\/2023\/03\/P1410519.jpg\" alt=\"\" class=\"wp-image-3651\"\/><\/a><\/figure>\n\n\n\n<figure class=\"wp-block-image size-large\"><a href=\"https:\/\/sauceviejo.gob.ar\/sauceonline\/wp-content\/uploads\/2023\/03\/Museo.jpeg\" target=\"_blank\" rel=\"noopener\"><img loading=\"lazy\" decoding=\"async\" width=\"1024\" height=\"555\" src=\"https:\/\/sauceviejo.gob.ar\/sauceonline\/wp-content\/uploads\/2023\/03\/Museo-1024x555.jpeg\" alt=\"\" class=\"wp-image-3871\" srcset=\"https:\/\/sauceviejo.gob.ar\/sauceonline\/wp-content\/uploads\/2023\/03\/Museo-1024x555.jpeg 1024w, https:\/\/sauceviejo.gob.ar\/sauceonline\/wp-content\/uploads\/2023\/03\/Museo-300x163.jpeg 300w, https:\/\/sauceviejo.gob.ar\/sauceonline\/wp-content\/uploads\/2023\/03\/Museo-768x417.jpeg 768w, https:\/\/sauceviejo.gob.ar\/sauceonline\/wp-content\/uploads\/2023\/03\/Museo.jpeg 1263w\" sizes=\"auto, (max-width: 1024px) 100vw, 1024px\" \/><\/a><\/figure>\n<\/figure>\n<\/div><\/div>\n\n\n\n<div style=\"height:52px\" aria-hidden=\"true\" class=\"wp-block-spacer\"><\/div>\n\n\n\n<p class=\"has-text-align-center has-large-font-size\"><strong>Un lugar para disfrutar.<\/strong><\/p>\n\n\n\n<div class=\"wp-block-uagb-container uagb-block-cb70f1f7 alignfull uagb-is-root-container\"><div class=\"uagb-container-inner-blocks-wrap\">\n<div class=\"wp-block-uagb-container uagb-block-576fbd8b\">\t\t\t<div \n\t\t\tclass=\"wp-block-uagb-google-map uagb-google-map__wrap uagb-block-9b791011     \"\n\t\t\tstyle=\"\" >\n\t\t\t\t<embed\n\t\t\t\t\tclass=\"uagb-google-map__iframe\"\n\t\t\t\t\ttitle=\"Mapa de Google de\"\n\t\t\t\t\tsrc=\"https:\/\/maps.google.com\/maps?q=Sauce%20Viejo&#038;z=15&#038;hl=es&#038;t=m&#038;output=embed&#038;iwloc=near\"\n\t\t\t\t\twidth=\"640\"\n\t\t\t\t\theight=\"622\"\n\t\t\t\t\tloading=\"lazy\"\n\t\t\t\t><\/embed>\n\t\t\t<\/div>\n\t\t\t<\/div>\n\n\n\n<div class=\"wp-block-uagb-container uagb-block-90fb2fac\">\n<div class=\"wp-block-uagb-advanced-heading uagb-block-eb868b63\"><h2 class=\"uagb-heading-text\">Nuestro lugar en el mundo\u200b<\/h2><\/div>\n\n\n\n<div class=\"wp-block-uagb-advanced-heading uagb-block-17846401\"><h4 class=\"uagb-heading-text\">Direcci\u00f3n &#8211; tel\u00e9fono<\/h4><p class=\"uagb-desc-text\">Rivadavia 1164, (3017) Sauce Viejo, Santa Fe<br>0342 4950065<\/p><\/div>\n\n\n\n<div class=\"wp-block-uagb-advanced-heading uagb-block-16eb2e8b\"><h4 class=\"uagb-heading-text\">Contacto<\/h4><p class=\"uagb-desc-text\">contacto@sauceviejo.gob.ar<br>secretaria@sauceviejo.gob.ar<\/p><\/div>\n<\/div>\n<\/div><\/div>\n\n\n\n<div style=\"height:46px\" aria-hidden=\"true\" class=\"wp-block-spacer\"><\/div>\n","protected":false},"excerpt":{"rendered":"<p>Nuestra ciudad Sobre las m\u00e1rgenes del r\u00edo Coronda, en el centro de la Provincia de Santa Fe, Sauce Viejo se encuentra rodeado de recursos y atractivos que lo vuelven un lugar singular. SAUCE VIEJO La ciudad de Sauce Viejo se extiende a lo largo de 22 km de costa sobre las m\u00e1rgenes del R\u00edo Coronda,&#8230;<\/p>\n","protected":false},"author":2,"featured_media":655,"parent":0,"menu_order":0,"comment_status":"closed","ping_status":"closed","template":"","meta":{"_uag_custom_page_level_css":"","_kad_post_transparent":"","_kad_post_title":"","_kad_post_layout":"","_kad_post_sidebar_id":"","_kad_post_content_style":"","_kad_post_vertical_padding":"","_kad_post_feature":"","_kad_post_feature_position":"","_kad_post_header":false,"_kad_post_footer":false,"_kad_post_classname":"","footnotes":""},"class_list":["post-635","page","type-page","status-publish","has-post-thumbnail","hentry"],"yoast_head":"<!-- This site is optimized with the Yoast SEO plugin v25.2 - https:\/\/yoast.com\/wordpress\/plugins\/seo\/ -->\n<title>Nuestra ciudad - Municipalidad de Sauce Viejo<\/title>\n<meta name=\"robots\" content=\"index, follow, max-snippet:-1, max-image-preview:large, max-video-preview:-1\" \/>\n<link rel=\"canonical\" href=\"https:\/\/sauceviejo.gob.ar\/sauceonline\/nuestra-ciudad\/\" \/>\n<meta property=\"og:locale\" content=\"es_ES\" \/>\n<meta property=\"og:type\" content=\"article\" \/>\n<meta property=\"og:title\" content=\"Nuestra ciudad - Municipalidad de Sauce Viejo\" \/>\n<meta property=\"og:description\" content=\"Nuestra ciudad Sobre las m\u00e1rgenes del r\u00edo Coronda, en el centro de la Provincia de Santa Fe, Sauce Viejo se encuentra rodeado de recursos y atractivos que lo vuelven un lugar singular. SAUCE VIEJO La ciudad de Sauce Viejo se extiende a lo largo de 22 km de costa sobre las m\u00e1rgenes del R\u00edo Coronda,...\" \/>\n<meta property=\"og:url\" content=\"https:\/\/sauceviejo.gob.ar\/sauceonline\/nuestra-ciudad\/\" \/>\n<meta property=\"og:site_name\" content=\"Municipalidad de Sauce Viejo\" \/>\n<meta property=\"article:publisher\" content=\"https:\/\/www.facebook.com\/MunicipalidadDeSauceViejo\" \/>\n<meta property=\"article:modified_time\" content=\"2024-05-17T21:28:15+00:00\" \/>\n<meta property=\"og:image\" content=\"https:\/\/sauceviejo.gob.ar\/sauceonline\/wp-content\/uploads\/2023\/03\/Turismo-scaled.jpg\" \/>\n\t<meta property=\"og:image:width\" content=\"2560\" \/>\n\t<meta property=\"og:image:height\" content=\"1440\" \/>\n\t<meta property=\"og:image:type\" content=\"image\/jpeg\" \/>\n<meta name=\"twitter:card\" content=\"summary_large_image\" \/>\n<meta name=\"twitter:site\" content=\"@sauceviejomuni\" \/>\n<meta name=\"twitter:label1\" content=\"Tiempo de lectura\" \/>\n\t<meta name=\"twitter:data1\" content=\"2 minutos\" \/>\n<script type=\"application\/ld+json\" class=\"yoast-schema-graph\">{\"@context\":\"https:\/\/schema.org\",\"@graph\":[{\"@type\":\"WebPage\",\"@id\":\"https:\/\/sauceviejo.gob.ar\/sauceonline\/nuestra-ciudad\/\",\"url\":\"https:\/\/sauceviejo.gob.ar\/sauceonline\/nuestra-ciudad\/\",\"name\":\"Nuestra ciudad - Municipalidad de Sauce Viejo\",\"isPartOf\":{\"@id\":\"https:\/\/sauceviejo.gob.ar\/sauceonline\/#website\"},\"primaryImageOfPage\":{\"@id\":\"https:\/\/sauceviejo.gob.ar\/sauceonline\/nuestra-ciudad\/#primaryimage\"},\"image\":{\"@id\":\"https:\/\/sauceviejo.gob.ar\/sauceonline\/nuestra-ciudad\/#primaryimage\"},\"thumbnailUrl\":\"https:\/\/sauceviejo.gob.ar\/sauceonline\/wp-content\/uploads\/2023\/03\/Turismo-scaled.jpg\",\"datePublished\":\"2023-03-01T13:08:21+00:00\",\"dateModified\":\"2024-05-17T21:28:15+00:00\",\"breadcrumb\":{\"@id\":\"https:\/\/sauceviejo.gob.ar\/sauceonline\/nuestra-ciudad\/#breadcrumb\"},\"inLanguage\":\"es\",\"potentialAction\":[{\"@type\":\"ReadAction\",\"target\":[\"https:\/\/sauceviejo.gob.ar\/sauceonline\/nuestra-ciudad\/\"]}]},{\"@type\":\"ImageObject\",\"inLanguage\":\"es\",\"@id\":\"https:\/\/sauceviejo.gob.ar\/sauceonline\/nuestra-ciudad\/#primaryimage\",\"url\":\"https:\/\/sauceviejo.gob.ar\/sauceonline\/wp-content\/uploads\/2023\/03\/Turismo-scaled.jpg\",\"contentUrl\":\"https:\/\/sauceviejo.gob.ar\/sauceonline\/wp-content\/uploads\/2023\/03\/Turismo-scaled.jpg\",\"width\":2560,\"height\":1440},{\"@type\":\"BreadcrumbList\",\"@id\":\"https:\/\/sauceviejo.gob.ar\/sauceonline\/nuestra-ciudad\/#breadcrumb\",\"itemListElement\":[{\"@type\":\"ListItem\",\"position\":1,\"name\":\"Portada\",\"item\":\"https:\/\/sauceviejo.gob.ar\/sauceonline\/\"},{\"@type\":\"ListItem\",\"position\":2,\"name\":\"Nuestra ciudad\"}]},{\"@type\":\"WebSite\",\"@id\":\"https:\/\/sauceviejo.gob.ar\/sauceonline\/#website\",\"url\":\"https:\/\/sauceviejo.gob.ar\/sauceonline\/\",\"name\":\"Municipalidad de Sauce Viejo\",\"description\":\"\",\"publisher\":{\"@id\":\"https:\/\/sauceviejo.gob.ar\/sauceonline\/#organization\"},\"potentialAction\":[{\"@type\":\"SearchAction\",\"target\":{\"@type\":\"EntryPoint\",\"urlTemplate\":\"https:\/\/sauceviejo.gob.ar\/sauceonline\/?s={search_term_string}\"},\"query-input\":{\"@type\":\"PropertyValueSpecification\",\"valueRequired\":true,\"valueName\":\"search_term_string\"}}],\"inLanguage\":\"es\"},{\"@type\":\"Organization\",\"@id\":\"https:\/\/sauceviejo.gob.ar\/sauceonline\/#organization\",\"name\":\"Municipalidad de Sauce Viejo\",\"url\":\"https:\/\/sauceviejo.gob.ar\/sauceonline\/\",\"logo\":{\"@type\":\"ImageObject\",\"inLanguage\":\"es\",\"@id\":\"https:\/\/sauceviejo.gob.ar\/sauceonline\/#\/schema\/logo\/image\/\",\"url\":\"https:\/\/sauceviejo.gob.ar\/sauceonline\/wp-content\/uploads\/2024\/11\/Logo.png\",\"contentUrl\":\"https:\/\/sauceviejo.gob.ar\/sauceonline\/wp-content\/uploads\/2024\/11\/Logo.png\",\"width\":225,\"height\":225,\"caption\":\"Municipalidad de Sauce Viejo\"},\"image\":{\"@id\":\"https:\/\/sauceviejo.gob.ar\/sauceonline\/#\/schema\/logo\/image\/\"},\"sameAs\":[\"https:\/\/www.facebook.com\/MunicipalidadDeSauceViejo\",\"https:\/\/x.com\/sauceviejomuni\"]}]}<\/script>\n<!-- \/ Yoast SEO plugin. -->","yoast_head_json":{"title":"Nuestra ciudad - Municipalidad de Sauce Viejo","robots":{"index":"index","follow":"follow","max-snippet":"max-snippet:-1","max-image-preview":"max-image-preview:large","max-video-preview":"max-video-preview:-1"},"canonical":"https:\/\/sauceviejo.gob.ar\/sauceonline\/nuestra-ciudad\/","og_locale":"es_ES","og_type":"article","og_title":"Nuestra ciudad - Municipalidad de Sauce Viejo","og_description":"Nuestra ciudad Sobre las m\u00e1rgenes del r\u00edo Coronda, en el centro de la Provincia de Santa Fe, Sauce Viejo se encuentra rodeado de recursos y atractivos que lo vuelven un lugar singular. SAUCE VIEJO La ciudad de Sauce Viejo se extiende a lo largo de 22 km de costa sobre las m\u00e1rgenes del R\u00edo Coronda,...","og_url":"https:\/\/sauceviejo.gob.ar\/sauceonline\/nuestra-ciudad\/","og_site_name":"Municipalidad de Sauce Viejo","article_publisher":"https:\/\/www.facebook.com\/MunicipalidadDeSauceViejo","article_modified_time":"2024-05-17T21:28:15+00:00","og_image":[{"width":2560,"height":1440,"url":"https:\/\/sauceviejo.gob.ar\/sauceonline\/wp-content\/uploads\/2023\/03\/Turismo-scaled.jpg","type":"image\/jpeg"}],"twitter_card":"summary_large_image","twitter_site":"@sauceviejomuni","twitter_misc":{"Tiempo de lectura":"2 minutos"},"schema":{"@context":"https:\/\/schema.org","@graph":[{"@type":"WebPage","@id":"https:\/\/sauceviejo.gob.ar\/sauceonline\/nuestra-ciudad\/","url":"https:\/\/sauceviejo.gob.ar\/sauceonline\/nuestra-ciudad\/","name":"Nuestra ciudad - Municipalidad de Sauce Viejo","isPartOf":{"@id":"https:\/\/sauceviejo.gob.ar\/sauceonline\/#website"},"primaryImageOfPage":{"@id":"https:\/\/sauceviejo.gob.ar\/sauceonline\/nuestra-ciudad\/#primaryimage"},"image":{"@id":"https:\/\/sauceviejo.gob.ar\/sauceonline\/nuestra-ciudad\/#primaryimage"},"thumbnailUrl":"https:\/\/sauceviejo.gob.ar\/sauceonline\/wp-content\/uploads\/2023\/03\/Turismo-scaled.jpg","datePublished":"2023-03-01T13:08:21+00:00","dateModified":"2024-05-17T21:28:15+00:00","breadcrumb":{"@id":"https:\/\/sauceviejo.gob.ar\/sauceonline\/nuestra-ciudad\/#breadcrumb"},"inLanguage":"es","potentialAction":[{"@type":"ReadAction","target":["https:\/\/sauceviejo.gob.ar\/sauceonline\/nuestra-ciudad\/"]}]},{"@type":"ImageObject","inLanguage":"es","@id":"https:\/\/sauceviejo.gob.ar\/sauceonline\/nuestra-ciudad\/#primaryimage","url":"https:\/\/sauceviejo.gob.ar\/sauceonline\/wp-content\/uploads\/2023\/03\/Turismo-scaled.jpg","contentUrl":"https:\/\/sauceviejo.gob.ar\/sauceonline\/wp-content\/uploads\/2023\/03\/Turismo-scaled.jpg","width":2560,"height":1440},{"@type":"BreadcrumbList","@id":"https:\/\/sauceviejo.gob.ar\/sauceonline\/nuestra-ciudad\/#breadcrumb","itemListElement":[{"@type":"ListItem","position":1,"name":"Portada","item":"https:\/\/sauceviejo.gob.ar\/sauceonline\/"},{"@type":"ListItem","position":2,"name":"Nuestra ciudad"}]},{"@type":"WebSite","@id":"https:\/\/sauceviejo.gob.ar\/sauceonline\/#website","url":"https:\/\/sauceviejo.gob.ar\/sauceonline\/","name":"Municipalidad de Sauce Viejo","description":"","publisher":{"@id":"https:\/\/sauceviejo.gob.ar\/sauceonline\/#organization"},"potentialAction":[{"@type":"SearchAction","target":{"@type":"EntryPoint","urlTemplate":"https:\/\/sauceviejo.gob.ar\/sauceonline\/?s={search_term_string}"},"query-input":{"@type":"PropertyValueSpecification","valueRequired":true,"valueName":"search_term_string"}}],"inLanguage":"es"},{"@type":"Organization","@id":"https:\/\/sauceviejo.gob.ar\/sauceonline\/#organization","name":"Municipalidad de Sauce Viejo","url":"https:\/\/sauceviejo.gob.ar\/sauceonline\/","logo":{"@type":"ImageObject","inLanguage":"es","@id":"https:\/\/sauceviejo.gob.ar\/sauceonline\/#\/schema\/logo\/image\/","url":"https:\/\/sauceviejo.gob.ar\/sauceonline\/wp-content\/uploads\/2024\/11\/Logo.png","contentUrl":"https:\/\/sauceviejo.gob.ar\/sauceonline\/wp-content\/uploads\/2024\/11\/Logo.png","width":225,"height":225,"caption":"Municipalidad de Sauce Viejo"},"image":{"@id":"https:\/\/sauceviejo.gob.ar\/sauceonline\/#\/schema\/logo\/image\/"},"sameAs":["https:\/\/www.facebook.com\/MunicipalidadDeSauceViejo","https:\/\/x.com\/sauceviejomuni"]}]}},"uagb_featured_image_src":{"full":["https:\/\/sauceviejo.gob.ar\/sauceonline\/wp-content\/uploads\/2023\/03\/Turismo-scaled.jpg",2560,1440,false],"thumbnail":["https:\/\/sauceviejo.gob.ar\/sauceonline\/wp-content\/uploads\/2023\/03\/Turismo-150x150.jpg",150,150,true],"medium":["https:\/\/sauceviejo.gob.ar\/sauceonline\/wp-content\/uploads\/2023\/03\/Turismo-300x169.jpg",300,169,true],"medium_large":["https:\/\/sauceviejo.gob.ar\/sauceonline\/wp-content\/uploads\/2023\/03\/Turismo-768x432.jpg",768,432,true],"large":["https:\/\/sauceviejo.gob.ar\/sauceonline\/wp-content\/uploads\/2023\/03\/Turismo-1024x576.jpg",1024,576,true],"1536x1536":["https:\/\/sauceviejo.gob.ar\/sauceonline\/wp-content\/uploads\/2023\/03\/Turismo-1536x864.jpg",1536,864,true],"2048x2048":["https:\/\/sauceviejo.gob.ar\/sauceonline\/wp-content\/uploads\/2023\/03\/Turismo-2048x1152.jpg",2048,1152,true],"ultp_layout_landscape_large":["https:\/\/sauceviejo.gob.ar\/sauceonline\/wp-content\/uploads\/2023\/03\/Turismo-scaled.jpg",1200,675,false],"ultp_layout_landscape":["https:\/\/sauceviejo.gob.ar\/sauceonline\/wp-content\/uploads\/2023\/03\/Turismo-scaled.jpg",870,489,false],"ultp_layout_portrait":["https:\/\/sauceviejo.gob.ar\/sauceonline\/wp-content\/uploads\/2023\/03\/Turismo-scaled.jpg",600,338,false],"ultp_layout_square":["https:\/\/sauceviejo.gob.ar\/sauceonline\/wp-content\/uploads\/2023\/03\/Turismo-scaled.jpg",600,338,false]},"uagb_author_info":{"display_name":"Pablo Bellafronte","author_link":"https:\/\/sauceviejo.gob.ar\/sauceonline\/author\/vu000925\/"},"uagb_comment_info":0,"uagb_excerpt":"Nuestra ciudad Sobre las m\u00e1rgenes del r\u00edo Coronda, en el centro de la Provincia de Santa Fe, Sauce Viejo se encuentra rodeado de recursos y atractivos que lo vuelven un lugar singular. SAUCE VIEJO La ciudad de Sauce Viejo se extiende a lo largo de 22 km de costa sobre las m\u00e1rgenes del R\u00edo Coronda,...","_links":{"self":[{"href":"https:\/\/sauceviejo.gob.ar\/sauceonline\/wp-json\/wp\/v2\/pages\/635","targetHints":{"allow":["GET"]}}],"collection":[{"href":"https:\/\/sauceviejo.gob.ar\/sauceonline\/wp-json\/wp\/v2\/pages"}],"about":[{"href":"https:\/\/sauceviejo.gob.ar\/sauceonline\/wp-json\/wp\/v2\/types\/page"}],"author":[{"embeddable":true,"href":"https:\/\/sauceviejo.gob.ar\/sauceonline\/wp-json\/wp\/v2\/users\/2"}],"replies":[{"embeddable":true,"href":"https:\/\/sauceviejo.gob.ar\/sauceonline\/wp-json\/wp\/v2\/comments?post=635"}],"version-history":[{"count":23,"href":"https:\/\/sauceviejo.gob.ar\/sauceonline\/wp-json\/wp\/v2\/pages\/635\/revisions"}],"predecessor-version":[{"id":8516,"href":"https:\/\/sauceviejo.gob.ar\/sauceonline\/wp-json\/wp\/v2\/pages\/635\/revisions\/8516"}],"wp:featuredmedia":[{"embeddable":true,"href":"https:\/\/sauceviejo.gob.ar\/sauceonline\/wp-json\/wp\/v2\/media\/655"}],"wp:attachment":[{"href":"https:\/\/sauceviejo.gob.ar\/sauceonline\/wp-json\/wp\/v2\/media?parent=635"}],"curies":[{"name":"wp","href":"https:\/\/api.w.org\/{rel}","templated":true}]}}