{"id":8675,"date":"2024-05-28T05:29:08","date_gmt":"2024-05-28T08:29:08","guid":{"rendered":"https:\/\/sauceviejo.gob.ar\/sauceonline\/?page_id=8675"},"modified":"2024-05-28T20:59:21","modified_gmt":"2024-05-28T23:59:21","slug":"tecnologias-para-la-gestion","status":"publish","type":"page","link":"https:\/\/sauceviejo.gob.ar\/sauceonline\/tecnologias-para-la-gestion\/","title":{"rendered":"Tecnolog\u00edas para la gesti\u00f3n"},"content":{"rendered":"<!-- VideographyWP Plugin Message: Automatic video embedding prevented by plugin options. -->\n\n<p><strong>Responsable:<\/strong> Prof. Pablo Bellafronte<br><strong>Personal del \u00c1rea:<\/strong> Felipe Cejas &#8211; Cristian S\u00e1nchez<br><strong>Administraci\u00f3n:<\/strong> Carolina G\u00f3mez<\/p>\n\n\n\n<div class=\"wp-block-uagb-tabs uagb-block-edb8821b uagb-tabs__wrap uagb-tabs__hstyle1-desktop uagb-tabs__vstyle6-tablet uagb-tabs__stack1-mobile\" data-tab-active=\"0\"><ul class=\"uagb-tabs__panel uagb-tabs__align-left\" role=\"tablist\"><li class=\"uagb-tab uagb-tabs__active\" role=\"none\"><a href=\"#uagb-tabs__tab0\" class=\"uagb-tabs-list uagb-tabs__icon-position-left\" data-tab=\"0\" role=\"tab\"><div>Inform\u00e1tica<\/div><\/a><\/li><li class=\"uagb-tab \" role=\"none\"><a href=\"#uagb-tabs__tab1\" class=\"uagb-tabs-list uagb-tabs__icon-position-left\" data-tab=\"1\" role=\"tab\"><div>Monitoreo<\/div><\/a><\/li><\/ul><div class=\"uagb-tabs__body-wrap\">\n<div class=\"wp-block-uagb-tabs-child uagb-tabs__body-container uagb-inner-tab-0\" aria-labelledby=\"uagb-tabs__tab0\">\n<p>La <strong>Direcci\u00f3n de Inform\u00e1tica<\/strong> entender\u00e1 en el&nbsp;desarrollo, implementaci\u00f3n y mantenimiento de sistemas de&nbsp;informaci\u00f3n, para el \u00e1mbito municipal y los ciudadanos, por&nbsp;medio del gobierno electr\u00f3nico, aplicando mejora continua y&nbsp;brindando conectividad de datos en las \u00e1reas municipales que as\u00ed lo requieran<\/p>\n\n\n\n<p>Asimismo deber\u00e1 desarrollar e implementar pol\u00edticas de&nbsp;seguridad inform\u00e1tica, dando soporte y capacitaci\u00f3n a los&nbsp;usuarios para una mejor utilizaci\u00f3n de los recursos&nbsp;inform\u00e1ticos.<\/p>\n\n\n\n<p>En otro orden es menester de la direcci\u00f3n dise\u00f1ar y mantener el sitio oficial de la Municipalidad de Sauce Viejo brindando de esta manera acceso real y continuo a la informaci\u00f3n p\u00fablica ayudando a brindar transparencia a la gesti\u00f3n.&nbsp;<\/p>\n\n\n\n<p><strong>Funciones Generales<\/strong><\/p>\n\n\n\n<ul class=\"wp-block-list\">\n<li><strong>Conocer y mantener<\/strong> actualizados los distintos aspectos de la tecnolog\u00eda inform\u00e1tica.<\/li>\n\n\n\n<li><strong>Brindar<\/strong> a las \u00e1reas de la Municipalidad el asesoramiento necesario para la correcta utilizaci\u00f3n de los recursos instalados.<\/li>\n\n\n\n<li><strong>Desarrollar<\/strong> y mantener los sistemas inform\u00e1ticos definidos.<\/li>\n\n\n\n<li><strong>Custodiar, mantener y asegurar<\/strong> la disponibilidad del equipamiento inform\u00e1tico y las bases de datos.<\/li>\n\n\n\n<li><strong>Administrar, desarrollar y mantener<\/strong> la red de datos.<\/li>\n\n\n\n<li><strong>Colaborar<\/strong> con las \u00e1reas administrativas espec\u00edficas en todo aquello que est\u00e9 relacionado con la definici\u00f3n y adquisici\u00f3n de bienes del \u00e1rea inform\u00e1tica.<\/li>\n\n\n\n<li><strong>Desarrollar<\/strong> todas las tareas administrativas necesarias para el funcionamiento del \u00e1rea y las requeridas por el Departamento Ejecutivo Municipal.<\/li>\n<\/ul>\n\n\n\n<p><strong>Atribuciones y Responsabilidades:<\/strong><\/p>\n\n\n\n<p><strong>Definir e implementar <\/strong>pol\u00edticas y est\u00e1ndares en materia de:<\/p>\n\n\n\n<ul class=\"wp-block-list\">\n<li>Adquisici\u00f3n, an\u00e1lisis, dise\u00f1o, programaci\u00f3n, desarrollo, implementaci\u00f3n, explotaci\u00f3n y mantenimiento de sistemas de informaci\u00f3n;<\/li>\n\n\n\n<li>Adquisici\u00f3n, dise\u00f1o, instalaci\u00f3n, operaci\u00f3n y mantenimiento de los distintos tipos de infraestructura de red requeridos para la administraci\u00f3n municipal;<\/li>\n\n\n\n<li>Funcionamiento de la red de transmisi\u00f3n de datos de la Municipalidad y el resguardo de la informaci\u00f3n que circula por ella.<\/li>\n<\/ul>\n\n\n\n<p><strong>Formular, coordinar y ejecutar<\/strong> la pol\u00edtica de Gobierno Electr\u00f3nico de la Municipalidad de Sauce Viejo:<\/p>\n\n\n\n<ul class=\"wp-block-list\">\n<li>Promoviendo las mejores pr\u00e1cticas de Gobierno Electr\u00f3nico y el desarrollo e implementaci\u00f3n de nuevas tecnolog\u00edas para la transformaci\u00f3n de la gesti\u00f3n p\u00fablica;<\/li>\n\n\n\n<li>Dise\u00f1ando, construyendo y administrando el Sitio Oficial de la Municipalidad;<\/li>\n\n\n\n<li>Definiendo normas, pautas y est\u00e1ndares necesarios para regular la organizaci\u00f3n y el funcionamiento del Gobierno Electr\u00f3nico.<\/li>\n\n\n\n<li>Asegurar el correcto funcionamiento de la infraestructura inform\u00e1tica instalada en la Municipalidad, el resguardo de la informaci\u00f3n contenida en ella y el adecuado acceso a los datos disponibles, proponiendo los est\u00e1ndares correspondientes para la adquisici\u00f3n, dise\u00f1o, instalaci\u00f3n, operaci\u00f3n y mantenimiento de los distintos tipos de equipamiento y otra infraestructura inform\u00e1tica requerida para la administraci\u00f3n municipal.<\/li>\n<\/ul>\n<\/div>\n\n\n\n<div class=\"wp-block-uagb-tabs-child uagb-tabs__body-container uagb-inner-tab-1\" aria-labelledby=\"uagb-tabs__tab1\">\n<p><strong>Historia<\/strong><\/p>\n\n\n\n<p>La gesti\u00f3n del Dr. Mario Papaleo recibi\u00f3 en diciembre del 2011 el \u00e1rea de prevenci\u00f3n con un total (posible) de 40 c\u00e1maras de las cuales se encontraron activas 26 c\u00e1maras. En la actualidad, mayo de 2024 nos encontramos con un <strong>total de 106 dispositivos de video<\/strong> (c\u00e1maras, domos, etc) distribuidas en todo el territorio de Sauce Viejo. De las citadas, el 93% tiene la posibilidad de grabar las im\u00e1genes recibidas. <\/p>\n\n\n\t\t\t\t\t<div\n\t\t\t\t\t\tclass=\"wp-block-uagb-image-gallery uagb-block-7c89d6f3     \"\n\t\t\t\t\t\tstyle=\"\"\n\t\t\t\t\t>\n\t\t\t\t\t\t\t\t\t\t\t<div class=\"spectra-image-gallery spectra-image-gallery__layout--grid spectra-image-gallery__layout--grid-col-2 spectra-image-gallery__layout--grid-col-tab-2 spectra-image-gallery__layout--grid-col-mob-2\">\n\t\t\t\t\t\t\t\t\t\t\t<div class='spectra-image-gallery__media-wrapper' data-spectra-gallery-image-id='8703' tabindex=\"0\">\n\t\t\t\t\t\t\t<div class=\"spectra-image-gallery__media spectra-image-gallery__media--grid\">\n\t\t\t\t<picture>\n\t\t\t\t\t<source media=\"(min-width: 1024px)\" srcset=\"https:\/\/sauceviejo.gob.ar\/sauceonline\/wp-content\/uploads\/2024\/05\/Pantalla-01-1024x576.png\">\n\t\t\t\t\t<source media=\"(min-width: 768px)\" srcset=\"https:\/\/sauceviejo.gob.ar\/sauceonline\/wp-content\/uploads\/2024\/05\/Pantalla-01-1024x576.png\">\n\t\t\t\t\t<img decoding=\"async\" class=\"spectra-image-gallery__media-thumbnail spectra-image-gallery__media-thumbnail--grid\" src=\"https:\/\/sauceviejo.gob.ar\/sauceonline\/wp-content\/uploads\/2024\/05\/Pantalla-01-300x169.png\" alt=\"\" loading=\"lazy\" \/>\n\t\t\t\t<\/picture>\n\t\t\t\t<div class=\"spectra-image-gallery__media-thumbnail-blurrer\"><\/div>\n\t\t\t\t\t\t\t\t\t\t\t<div class=\"spectra-image-gallery__media-thumbnail-caption-wrapper spectra-image-gallery__media-thumbnail-caption-wrapper--overlay\">\n\t\t\t\t\t\t\t\t\t\t\t<div class=\"spectra-image-gallery__media-thumbnail-caption spectra-image-gallery__media-thumbnail-caption--overlay\">\n\t\t\t\t\tSin leyenda\t\t\t\t<\/div>\n\t\t\t\t\t\t\t\t\t\t<\/div>\n\t\t\t\t\t\t\t\t\t<\/div>\n\t\t\t\t\t\t<\/div>\n\t\t\t\t\t\t<div class='spectra-image-gallery__media-wrapper' data-spectra-gallery-image-id='8702' tabindex=\"0\">\n\t\t\t\t\t\t\t<div class=\"spectra-image-gallery__media spectra-image-gallery__media--grid\">\n\t\t\t\t<picture>\n\t\t\t\t\t<source media=\"(min-width: 1024px)\" srcset=\"https:\/\/sauceviejo.gob.ar\/sauceonline\/wp-content\/uploads\/2024\/05\/Pantalla-02-1-1024x576.png\">\n\t\t\t\t\t<source media=\"(min-width: 768px)\" srcset=\"https:\/\/sauceviejo.gob.ar\/sauceonline\/wp-content\/uploads\/2024\/05\/Pantalla-02-1-1024x576.png\">\n\t\t\t\t\t<img decoding=\"async\" class=\"spectra-image-gallery__media-thumbnail spectra-image-gallery__media-thumbnail--grid\" src=\"https:\/\/sauceviejo.gob.ar\/sauceonline\/wp-content\/uploads\/2024\/05\/Pantalla-02-1-300x169.png\" alt=\"\" loading=\"lazy\" \/>\n\t\t\t\t<\/picture>\n\t\t\t\t<div class=\"spectra-image-gallery__media-thumbnail-blurrer\"><\/div>\n\t\t\t\t\t\t\t\t\t\t\t<div class=\"spectra-image-gallery__media-thumbnail-caption-wrapper spectra-image-gallery__media-thumbnail-caption-wrapper--overlay\">\n\t\t\t\t\t\t\t\t\t\t\t<div class=\"spectra-image-gallery__media-thumbnail-caption spectra-image-gallery__media-thumbnail-caption--overlay\">\n\t\t\t\t\tSin leyenda\t\t\t\t<\/div>\n\t\t\t\t\t\t\t\t\t\t<\/div>\n\t\t\t\t\t\t\t\t\t<\/div>\n\t\t\t\t\t\t<\/div>\n\t\t\t\t\t\t\t\t\t\t<\/div>\n\t\t\t\t\t\t\t\t\t\t\t\t\t\t\t\t\t\t<\/div>\n\t\t\t\t\t\t\t\t\t\t\t<div class='spectra-image-gallery__control-lightbox' tabindex='0'>\n\t\t\t\t\t\t\t\t\t\t\t<div class=\"swiper spectra-image-gallery__control-lightbox--main\" dir=\"\">\n\t\t\t\t\t<div class=\"swiper-wrapper\">\n\t\t\t\t\t\t\t\t\t\t\t\t\t\n\t\t\t\t\t\t\t<div class=\"swiper-slide\">\n\t\t\t\t\t\t\t\t<img class=\"swiper-lazy\" data-src=\"https:\/\/sauceviejo.gob.ar\/sauceonline\/wp-content\/uploads\/2024\/05\/Pantalla-01.png\" alt=\"\"\/>\n\t\t\t\t\t\t\t\t<div class=\"swiper-lazy-preloader swiper-lazy-preloader-white\"><\/div>\n\t\t\t\t\t\t\t\t\t\t\t\t\t\t\t<\/div>\n\t\t\t\t\t\t\t\t\t\t\t\t\t\n\t\t\t\t\t\t\t<div class=\"swiper-slide\">\n\t\t\t\t\t\t\t\t<img class=\"swiper-lazy\" data-src=\"https:\/\/sauceviejo.gob.ar\/sauceonline\/wp-content\/uploads\/2024\/05\/Pantalla-02-1.png\" alt=\"\"\/>\n\t\t\t\t\t\t\t\t<div class=\"swiper-lazy-preloader swiper-lazy-preloader-white\"><\/div>\n\t\t\t\t\t\t\t\t\t\t\t\t\t\t\t<\/div>\n\t\t\t\t\t\t\t\t\t\t\t<\/div>\n\t\t\t\t\t<div class=\"swiper-button-next\"><\/div>\n\t\t\t\t\t<div class=\"swiper-button-prev\"><\/div>\n\t\t\t\t<\/div>\t\t\t\n\t\t\t\t\t\t\t\t\t\t\t\t\t\t\t\t\t\t\t\t\t\t\t\t\t\t\t\t\t\t\t\t<button class='spectra-image-gallery__control-lightbox--close' aria-label=\"Close\">\n\t\t\t\t\t\t\t\t\t\t\t\t\t<svg xmlns=\"https:\/\/www.w3.org\/2000\/svg\" viewBox= \"0 0 320 512\"><path d=\"M310.6 361.4c12.5 12.5 12.5 32.75 0 45.25C304.4 412.9 296.2 416 288 416s-16.38-3.125-22.62-9.375L160 301.3L54.63 406.6C48.38 412.9 40.19 416 32 416S15.63 412.9 9.375 406.6c-12.5-12.5-12.5-32.75 0-45.25l105.4-105.4L9.375 150.6c-12.5-12.5-12.5-32.75 0-45.25s32.75-12.5 45.25 0L160 210.8l105.4-105.4c12.5-12.5 32.75-12.5 45.25 0s12.5 32.75 0 45.25l-105.4 105.4L310.6 361.4z\"><\/path><\/svg>\n\t\t\t\t\t\t\t\t\t\t\t\t<\/button>\n\t\t\t\t\t\t\t\t\t\t\t\t\t<\/div>\n\t\t\t\t\t\t\t\t\t\n\n\n<p><strong>Funciones<\/strong><\/p>\n\n\n\n<ul class=\"wp-block-list\">\n<li>La funci\u00f3n del \u00e1rea de Monitoreo es contribuir desde lo tecnol\u00f3gico a la prevenci\u00f3n del delito y la provisi\u00f3n de im\u00e1genes de&nbsp;prueba para tareas&nbsp;de investigaci\u00f3n en colaboraci\u00f3n con los organismos que as\u00ed lo requieran.&nbsp;<\/li>\n<\/ul>\n\n\n\n<p><strong>Infraestructura<\/strong><\/p>\n\n\n\n<ul class=\"wp-block-list\">\n<li>La sala de monitoreo cuenta con 2 wall de 4 monitores cada uno con un total de 8 televisores.<\/li>\n\n\n\n<li>Personal:&nbsp;<\/li>\n\n\n\n<li>Contamos tambi\u00e9n con servicio permanente&nbsp;de mantenimiento de c\u00e1maras y equipos.<\/li>\n\n\n\n<li>Contamos con un total de <strong>106 equipos de video<\/strong> entre c\u00e1maras y domos.<\/li>\n<\/ul>\n<\/div>\n<\/div><\/div>\n","protected":false},"excerpt":{"rendered":"<p>Responsable: Prof. Pablo BellafrontePersonal del \u00c1rea: Felipe Cejas &#8211; Cristian S\u00e1nchezAdministraci\u00f3n: Carolina G\u00f3mez<\/p>\n","protected":false},"author":3,"featured_media":0,"parent":0,"menu_order":0,"comment_status":"closed","ping_status":"closed","template":"","meta":{"_uag_custom_page_level_css":"","_kad_post_transparent":"","_kad_post_title":"","_kad_post_layout":"","_kad_post_sidebar_id":"","_kad_post_content_style":"","_kad_post_vertical_padding":"","_kad_post_feature":"","_kad_post_feature_position":"","_kad_post_header":false,"_kad_post_footer":false,"_kad_post_classname":"","footnotes":""},"class_list":["post-8675","page","type-page","status-publish","hentry"],"yoast_head":"<!-- This site is optimized with the Yoast SEO plugin v25.2 - https:\/\/yoast.com\/wordpress\/plugins\/seo\/ -->\n<title>Tecnolog\u00edas para la gesti\u00f3n - Municipalidad de Sauce Viejo<\/title>\n<meta name=\"robots\" content=\"index, follow, max-snippet:-1, max-image-preview:large, max-video-preview:-1\" \/>\n<link rel=\"canonical\" href=\"https:\/\/sauceviejo.gob.ar\/sauceonline\/tecnologias-para-la-gestion\/\" \/>\n<meta property=\"og:locale\" content=\"es_ES\" \/>\n<meta property=\"og:type\" content=\"article\" \/>\n<meta property=\"og:title\" content=\"Tecnolog\u00edas para la gesti\u00f3n - Municipalidad de Sauce Viejo\" \/>\n<meta property=\"og:description\" content=\"Responsable: Prof. Pablo BellafrontePersonal del \u00c1rea: Felipe Cejas &#8211; Cristian S\u00e1nchezAdministraci\u00f3n: Carolina G\u00f3mez\" \/>\n<meta property=\"og:url\" content=\"https:\/\/sauceviejo.gob.ar\/sauceonline\/tecnologias-para-la-gestion\/\" \/>\n<meta property=\"og:site_name\" content=\"Municipalidad de Sauce Viejo\" \/>\n<meta property=\"article:publisher\" content=\"https:\/\/www.facebook.com\/MunicipalidadDeSauceViejo\" \/>\n<meta property=\"article:modified_time\" content=\"2024-05-28T23:59:21+00:00\" \/>\n<meta property=\"og:image\" content=\"https:\/\/sauceviejo.gob.ar\/sauceonline\/wp-content\/uploads\/2024\/11\/Sauce.jpg\" \/>\n\t<meta property=\"og:image:width\" content=\"1200\" \/>\n\t<meta property=\"og:image:height\" content=\"555\" \/>\n\t<meta property=\"og:image:type\" content=\"image\/jpeg\" \/>\n<meta name=\"twitter:card\" content=\"summary_large_image\" \/>\n<meta name=\"twitter:site\" content=\"@sauceviejomuni\" \/>\n<meta name=\"twitter:label1\" content=\"Tiempo de lectura\" \/>\n\t<meta name=\"twitter:data1\" content=\"3 minutos\" \/>\n<script type=\"application\/ld+json\" class=\"yoast-schema-graph\">{\"@context\":\"https:\/\/schema.org\",\"@graph\":[{\"@type\":\"WebPage\",\"@id\":\"https:\/\/sauceviejo.gob.ar\/sauceonline\/tecnologias-para-la-gestion\/\",\"url\":\"https:\/\/sauceviejo.gob.ar\/sauceonline\/tecnologias-para-la-gestion\/\",\"name\":\"Tecnolog\u00edas para la gesti\u00f3n - Municipalidad de Sauce Viejo\",\"isPartOf\":{\"@id\":\"https:\/\/sauceviejo.gob.ar\/sauceonline\/#website\"},\"datePublished\":\"2024-05-28T08:29:08+00:00\",\"dateModified\":\"2024-05-28T23:59:21+00:00\",\"breadcrumb\":{\"@id\":\"https:\/\/sauceviejo.gob.ar\/sauceonline\/tecnologias-para-la-gestion\/#breadcrumb\"},\"inLanguage\":\"es\",\"potentialAction\":[{\"@type\":\"ReadAction\",\"target\":[\"https:\/\/sauceviejo.gob.ar\/sauceonline\/tecnologias-para-la-gestion\/\"]}]},{\"@type\":\"BreadcrumbList\",\"@id\":\"https:\/\/sauceviejo.gob.ar\/sauceonline\/tecnologias-para-la-gestion\/#breadcrumb\",\"itemListElement\":[{\"@type\":\"ListItem\",\"position\":1,\"name\":\"Portada\",\"item\":\"https:\/\/sauceviejo.gob.ar\/sauceonline\/\"},{\"@type\":\"ListItem\",\"position\":2,\"name\":\"Tecnolog\u00edas para la gesti\u00f3n\"}]},{\"@type\":\"WebSite\",\"@id\":\"https:\/\/sauceviejo.gob.ar\/sauceonline\/#website\",\"url\":\"https:\/\/sauceviejo.gob.ar\/sauceonline\/\",\"name\":\"Municipalidad de Sauce Viejo\",\"description\":\"\",\"publisher\":{\"@id\":\"https:\/\/sauceviejo.gob.ar\/sauceonline\/#organization\"},\"potentialAction\":[{\"@type\":\"SearchAction\",\"target\":{\"@type\":\"EntryPoint\",\"urlTemplate\":\"https:\/\/sauceviejo.gob.ar\/sauceonline\/?s={search_term_string}\"},\"query-input\":{\"@type\":\"PropertyValueSpecification\",\"valueRequired\":true,\"valueName\":\"search_term_string\"}}],\"inLanguage\":\"es\"},{\"@type\":\"Organization\",\"@id\":\"https:\/\/sauceviejo.gob.ar\/sauceonline\/#organization\",\"name\":\"Municipalidad de Sauce Viejo\",\"url\":\"https:\/\/sauceviejo.gob.ar\/sauceonline\/\",\"logo\":{\"@type\":\"ImageObject\",\"inLanguage\":\"es\",\"@id\":\"https:\/\/sauceviejo.gob.ar\/sauceonline\/#\/schema\/logo\/image\/\",\"url\":\"https:\/\/sauceviejo.gob.ar\/sauceonline\/wp-content\/uploads\/2024\/11\/Logo.png\",\"contentUrl\":\"https:\/\/sauceviejo.gob.ar\/sauceonline\/wp-content\/uploads\/2024\/11\/Logo.png\",\"width\":225,\"height\":225,\"caption\":\"Municipalidad de Sauce Viejo\"},\"image\":{\"@id\":\"https:\/\/sauceviejo.gob.ar\/sauceonline\/#\/schema\/logo\/image\/\"},\"sameAs\":[\"https:\/\/www.facebook.com\/MunicipalidadDeSauceViejo\",\"https:\/\/x.com\/sauceviejomuni\"]}]}<\/script>\n<!-- \/ Yoast SEO plugin. -->","yoast_head_json":{"title":"Tecnolog\u00edas para la gesti\u00f3n - Municipalidad de Sauce Viejo","robots":{"index":"index","follow":"follow","max-snippet":"max-snippet:-1","max-image-preview":"max-image-preview:large","max-video-preview":"max-video-preview:-1"},"canonical":"https:\/\/sauceviejo.gob.ar\/sauceonline\/tecnologias-para-la-gestion\/","og_locale":"es_ES","og_type":"article","og_title":"Tecnolog\u00edas para la gesti\u00f3n - Municipalidad de Sauce Viejo","og_description":"Responsable: Prof. Pablo BellafrontePersonal del \u00c1rea: Felipe Cejas &#8211; Cristian S\u00e1nchezAdministraci\u00f3n: Carolina G\u00f3mez","og_url":"https:\/\/sauceviejo.gob.ar\/sauceonline\/tecnologias-para-la-gestion\/","og_site_name":"Municipalidad de Sauce Viejo","article_publisher":"https:\/\/www.facebook.com\/MunicipalidadDeSauceViejo","article_modified_time":"2024-05-28T23:59:21+00:00","og_image":[{"width":1200,"height":555,"url":"https:\/\/sauceviejo.gob.ar\/sauceonline\/wp-content\/uploads\/2024\/11\/Sauce.jpg","type":"image\/jpeg"}],"twitter_card":"summary_large_image","twitter_site":"@sauceviejomuni","twitter_misc":{"Tiempo de lectura":"3 minutos"},"schema":{"@context":"https:\/\/schema.org","@graph":[{"@type":"WebPage","@id":"https:\/\/sauceviejo.gob.ar\/sauceonline\/tecnologias-para-la-gestion\/","url":"https:\/\/sauceviejo.gob.ar\/sauceonline\/tecnologias-para-la-gestion\/","name":"Tecnolog\u00edas para la gesti\u00f3n - Municipalidad de Sauce Viejo","isPartOf":{"@id":"https:\/\/sauceviejo.gob.ar\/sauceonline\/#website"},"datePublished":"2024-05-28T08:29:08+00:00","dateModified":"2024-05-28T23:59:21+00:00","breadcrumb":{"@id":"https:\/\/sauceviejo.gob.ar\/sauceonline\/tecnologias-para-la-gestion\/#breadcrumb"},"inLanguage":"es","potentialAction":[{"@type":"ReadAction","target":["https:\/\/sauceviejo.gob.ar\/sauceonline\/tecnologias-para-la-gestion\/"]}]},{"@type":"BreadcrumbList","@id":"https:\/\/sauceviejo.gob.ar\/sauceonline\/tecnologias-para-la-gestion\/#breadcrumb","itemListElement":[{"@type":"ListItem","position":1,"name":"Portada","item":"https:\/\/sauceviejo.gob.ar\/sauceonline\/"},{"@type":"ListItem","position":2,"name":"Tecnolog\u00edas para la gesti\u00f3n"}]},{"@type":"WebSite","@id":"https:\/\/sauceviejo.gob.ar\/sauceonline\/#website","url":"https:\/\/sauceviejo.gob.ar\/sauceonline\/","name":"Municipalidad de Sauce Viejo","description":"","publisher":{"@id":"https:\/\/sauceviejo.gob.ar\/sauceonline\/#organization"},"potentialAction":[{"@type":"SearchAction","target":{"@type":"EntryPoint","urlTemplate":"https:\/\/sauceviejo.gob.ar\/sauceonline\/?s={search_term_string}"},"query-input":{"@type":"PropertyValueSpecification","valueRequired":true,"valueName":"search_term_string"}}],"inLanguage":"es"},{"@type":"Organization","@id":"https:\/\/sauceviejo.gob.ar\/sauceonline\/#organization","name":"Municipalidad de Sauce Viejo","url":"https:\/\/sauceviejo.gob.ar\/sauceonline\/","logo":{"@type":"ImageObject","inLanguage":"es","@id":"https:\/\/sauceviejo.gob.ar\/sauceonline\/#\/schema\/logo\/image\/","url":"https:\/\/sauceviejo.gob.ar\/sauceonline\/wp-content\/uploads\/2024\/11\/Logo.png","contentUrl":"https:\/\/sauceviejo.gob.ar\/sauceonline\/wp-content\/uploads\/2024\/11\/Logo.png","width":225,"height":225,"caption":"Municipalidad de Sauce Viejo"},"image":{"@id":"https:\/\/sauceviejo.gob.ar\/sauceonline\/#\/schema\/logo\/image\/"},"sameAs":["https:\/\/www.facebook.com\/MunicipalidadDeSauceViejo","https:\/\/x.com\/sauceviejomuni"]}]}},"uagb_featured_image_src":{"full":false,"thumbnail":false,"medium":false,"medium_large":false,"large":false,"1536x1536":false,"2048x2048":false,"ultp_layout_landscape_large":false,"ultp_layout_landscape":false,"ultp_layout_portrait":false,"ultp_layout_square":false},"uagb_author_info":{"display_name":"Pablo Bellafronte","author_link":"https:\/\/sauceviejo.gob.ar\/sauceonline\/author\/pablo-bellafronte\/"},"uagb_comment_info":0,"uagb_excerpt":"Responsable: Prof. Pablo BellafrontePersonal del \u00c1rea: Felipe Cejas &#8211; Cristian S\u00e1nchezAdministraci\u00f3n: Carolina G\u00f3mez","_links":{"self":[{"href":"https:\/\/sauceviejo.gob.ar\/sauceonline\/wp-json\/wp\/v2\/pages\/8675","targetHints":{"allow":["GET"]}}],"collection":[{"href":"https:\/\/sauceviejo.gob.ar\/sauceonline\/wp-json\/wp\/v2\/pages"}],"about":[{"href":"https:\/\/sauceviejo.gob.ar\/sauceonline\/wp-json\/wp\/v2\/types\/page"}],"author":[{"embeddable":true,"href":"https:\/\/sauceviejo.gob.ar\/sauceonline\/wp-json\/wp\/v2\/users\/3"}],"replies":[{"embeddable":true,"href":"https:\/\/sauceviejo.gob.ar\/sauceonline\/wp-json\/wp\/v2\/comments?post=8675"}],"version-history":[{"count":9,"href":"https:\/\/sauceviejo.gob.ar\/sauceonline\/wp-json\/wp\/v2\/pages\/8675\/revisions"}],"predecessor-version":[{"id":8713,"href":"https:\/\/sauceviejo.gob.ar\/sauceonline\/wp-json\/wp\/v2\/pages\/8675\/revisions\/8713"}],"wp:attachment":[{"href":"https:\/\/sauceviejo.gob.ar\/sauceonline\/wp-json\/wp\/v2\/media?parent=8675"}],"curies":[{"name":"wp","href":"https:\/\/api.w.org\/{rel}","templated":true}]}}